{"id":3759,"date":"2023-12-01T12:29:14","date_gmt":"2023-12-01T05:29:14","guid":{"rendered":"https:\/\/muanhanhthietbivesinh.vn\/?post_type=product&#038;p=3759"},"modified":"2024-08-08T11:34:20","modified_gmt":"2024-08-08T04:34:20","slug":"chau-su-my-thuat-chan-everest-ev-cdc16","status":"publish","type":"product","link":"https:\/\/muanhanhthietbivesinh.vn\/?product=chau-su-my-thuat-chan-everest-ev-cdc16","title":{"rendered":"Ch\u1eadu S\u1ee9 M\u1ef9 Thu\u1eadt Ch\u00e2n EVEREST EV-C\u0110C16"},"content":{"rendered":"<p><strong>Ch\u1eadu S\u1ee9 M\u1ef9 Thu\u1eadt C\u00f3 Ch\u00e2n EVEREST EV-C\u0110C16<\/strong><\/p>\n<p><strong>Ch\u1eadu S\u1ee9\u00a0<\/strong><strong>M\u1ef9 Th<\/strong><strong>u\u1eadt\u00a0<\/strong><strong>C\u00f3 Ch\u00e2n <a href=\"https:\/\/shopee.vn\/trammazda?categoryId=100636&amp;entryPoint=ShopByPDP&amp;itemId=20181307827\">EVEREST EV-C\u0110C16<\/a><\/strong>\u00a0\u0111\u01b0\u1ee3c l\u00e0m th\u1ee7 c\u00f4ng 100% v\u1edbi ch\u1ea5t li\u1ec7u g\u1ed1m s\u1ee9 v\u00e0 b\u00e0n tay c\u1ee7a nh\u1eefng ng\u01b0\u1eddi th\u1ee3 th\u1ee7 c\u00f4ng truy\u1ec1n th\u1ed1ng. T\u1eeb nh\u1eefng mi\u1ebfng \u0111\u1ea5t s\u00e9t v\u00f4 tri v\u00f4 gi\u00e1c, nh\u1eefng ng\u01b0\u1eddi th\u1ee3 \u0111\u00e3 bi\u1ebfn n\u00f3 th\u00e0nh nh\u1eefng t\u00e1c ph\u1ea9m ngh\u1ec7 thu\u1eadt. M\u1ed7i m\u1ed9t s\u1ea3n ph\u1ea9m l\u00e0 m\u1ed9t c\u00e2u chuy\u1ec7n, mang nh\u1eefng th\u00f4ng \u0111i\u1ec7p ri\u00eang.B\u1eb1ng c\u00f4ng ngh\u1ec7 tr\u00e1ng men s\u1ea3n ph\u1ea9m ch\u1eadu s\u1ee9 c\u00f3 th\u1ec3 ng\u0103n ch\u1eb7n h\u1ea7u h\u1ebft c\u00e1c lo\u1ea1i vi khu\u1ea9n g\u00e2y h\u1ea1i. H\u01a1n n\u1eefa l\u1edbp tr\u00e1ng men gi\u1eef cho ch\u1eadu s\u1ee9 lu\u00f4n trong t\u00ecnh tr\u1ea1ng s\u00e1ng b\u00f3ng v\u00e0 h\u1ea1n ch\u1ebf b\u00e1m b\u1ee5i. B\u00ean c\u1ea1nh \u0111\u00f3 ch\u1eadu s\u1ee9 c\u00f2n \u0111\u01b0\u1ee3c nung \u1edf nhi\u1ec7t \u0111\u1ed9 1200 \u0111\u1ed9 C khi\u1ebfn cho s\u1ea3n ph\u1ea9m b\u1ec1n h\u01a1n bao gi\u1edd h\u1ebft.<\/p>\n<p><img loading=\"lazy\" decoding=\"async\" src=\"https:\/\/thanhgiaphat.vn\/uploads\/source\/chau-su-co-chan\/cdc16-1.jpg\" alt=\"\" width=\"711\" height=\"1346\" \/><\/p>\n<p>M\u1ed7i m\u1ed9t s\u1ea3n ph\u1ea9m ch\u1eadu s\u1ee9 l\u00e0 m\u1ed9t t\u00e1c ph\u1ea9m ngh\u1ec7 thu\u1eadt ri\u00eang bi\u1ec7t. \u0110\u01b0\u1ee3c s\u00e1ng t\u1ea1o b\u1edfi nh\u1eefng nh\u00e0 decor thi\u1ebft k\u1ebf m\u1ef9 thu\u1eadt v\u00e0 b\u00e0n tay c\u1ee7a nh\u1eefng ng\u01b0\u1eddi th\u1ee3 th\u1ee7 c\u00f4ng truy\u1ec1n th\u1ed1ng.\u00a0<a href=\"https:\/\/shopee.vn\/trammazda?categoryId=100636&amp;entryPoint=ShopByPDP&amp;itemId=20181307827\"><strong>Ch\u1eadu S\u1ee9 M\u1ef9 Thu\u1eadt C\u00f3 Ch\u00e2n EVEREST EV-C\u0110C16<\/strong><\/a>\u00a0r\u1ea5t ph\u00f9 h\u1ee3p v\u1edbi nh\u1eefng ki\u1ebfn tr\u00fac phong c\u00e1ch ph\u1ed1i c\u1ea3nh. T\u1ea5t c\u1ea3 \u0111\u1ec1u mang tr\u00ean m\u00ecnh m\u1ed9t n\u00e9t \u0111\u1eb9p ri\u00eang bi\u1ec7t v\u00e0 \u0111\u1eb7c th\u00f9. Mang l\u1ea1i gi\u00e1 tr\u1ecb m\u1ef9 thu\u1eadt cao. T\u1ea1o ra m\u1ed9t kho\u1ea3ng kh\u00f4ng gian sang tr\u1ecdng nh\u01b0ng r\u1ea5t tinh t\u1ebf cho ng\u00f4i nh\u00e0 c\u1ee7a b\u1ea1n.<\/p>\n<p><img loading=\"lazy\" decoding=\"async\" src=\"https:\/\/thanhgiaphat.vn\/uploads\/source\/chau-su-co-chan\/cdc16-3.jpg\" alt=\"\" width=\"705\" height=\"3912\" \/><\/p>\n<p>Ch\u00ednh v\u00ec t\u00ednh ngh\u1ec7 thu\u1eadt cao nh\u01b0 v\u1eady n\u00ean ch\u1eadu s\u1ee9 \u0111\u01b0\u1ee3c s\u1eed d\u1ee5ng r\u1ea5t ph\u1ed5 bi\u1ebfn. C\u00e1c d\u1ef1 \u00e1n, c\u00f4ng tr\u00ecnh nh\u01b0 kh\u00e1ch s\u1ea1n, resort, khu ngh\u1ec9 d\u01b0\u1ee1ng g\u1ea7n g\u0169i thi\u00ean nhi\u00ean. R\u1ea5t \u01b0a chu\u1ed9ng v\u00e0 s\u1eed d\u1ee5ng ch\u1eadu s\u1ee9 n\u00e0y. B\u1edfi v\u00ec nh\u1eefng gi\u00e1 tr\u1ecb h\u1eefu h\u00ecnh m\u00e0 n\u00f3 mang l\u1ea1i. Gi\u00fap cho m\u1ecdi ng\u01b0\u1eddi nh\u01b0 h\u00f2a m\u00ecnh v\u00e0o thi\u00ean nhi\u00ean. B\u00ecnh d\u1ecb, th\u00e2n thu\u1ed9c nh\u01b0ng v\u1eabn r\u1ea5t sang tr\u1ecdng, tinh t\u1ebf. Ch\u01b0a d\u1eebng l\u1ea1i \u1edf \u0111\u00f3 khi ch\u1eadu s\u1ee9 k\u1ebft h\u1ee3p c\u00f9ng v\u00f2i n\u01b0\u1edbc \u0111\u1ed3ng c\u1ed5. N\u00e9t s\u1ef1 sang tr\u1ecdng v\u00e0 tinh t\u1ebf l\u1ea1i t\u0103ng l\u00ean g\u1ea5p b\u1ed9i.<\/p>\n<p><img loading=\"lazy\" decoding=\"async\" src=\"https:\/\/thanhgiaphat.vn\/uploads\/source\/chau-su-co-chan\/cdc16-2.jpg\" alt=\"\" width=\"710\" height=\"5909\" \/><\/p>\n<p>S\u1ef1 sang tr\u1ecdng, tinh t\u1ebf gi\u00e1 tr\u1ecb m\u1ef9 thu\u1eadt trong t\u1eebng s\u1ea3n ph\u1ea9m mang m\u00e0u s\u1eafc hi\u1ec7n \u0111\u1ea1i nh\u01b0ng r\u1ea5t g\u1ea7n g\u0169i. Ch\u00ednh v\u00ec th\u1ebf\u00a0<strong>Ch\u1eadu S\u1ee9 M\u1ef9 Thu\u1eadt C\u00f3 Ch\u00e2n EVEREST <a href=\"https:\/\/shopee.vn\/trammazda?categoryId=100636&amp;entryPoint=ShopByPDP&amp;itemId=20181307827\">EV-C\u0110C16<\/a>\u00a0<\/strong>r\u1ea5t \u0111\u01b0\u1ee3c \u01b0a chu\u1ed9ng v\u00e0 s\u1eed d\u1ee5ng r\u1ed9ng r\u00e3i \u1edf c\u00e1c kh\u00e1ch s\u1ea1n v\u00e0 resort sang tr\u1ecdng. V\u1edbi nh\u1eefng gi\u00e1 tr\u1ecb ngh\u1ec7 thu\u1eadt \u0111\u1eb7c th\u00f9 m\u00e0 n\u00f3 mang l\u1ea1i<\/p>\n<p><a href=\"https:\/\/shopee.vn\/trammazda?categoryId=100636&amp;entryPoint=ShopByPDP&amp;itemId=20181307827\"><b>NPP NGUY\u00caN PH\u00c1T HOME<\/b><\/a><\/p>\n<p>Showroom: 216\/3 L\u00ea V\u0103n Qu\u1edbi, P. BHH A, Q. B\u00ecnh T\u00e2n , TP.HCM<\/p>\n<p>Hotline: 0938.028.468<\/p>\n<p>ZALO : 09666.58068<\/p>\n<p>&nbsp;<\/p>\n","protected":false},"excerpt":{"rendered":"<div class=\"product-short-description\">\n<div class=\"product-short-description\">\n<div class=\"description\">\n<h3><span style=\"color: #000000;\"><strong>M\u00f4 t\u1ea3 s\u1ea3n ph\u1ea9m<\/strong><\/span><\/h3>\n<p><span style=\"color: #000000;\">Th\u01b0\u01a1ng hi\u1ec7u: EVEREST<\/span><\/p>\n<p><span style=\"color: #000000;\">M\u00e3: EV-C\u0110C16<\/span><\/p>\n<p><span style=\"color: #000000;\">Lo\u1ea1i: Ch\u1eadu s\u1ee9 m\u1ef9 thu\u1eadt c\u00f3 ch\u00e2n \u0111\u1ed3ng b\u1ed9<\/span><\/p>\n<p><span style=\"color: #000000;\">K\u00edch th\u01b0\u1edbc: 820 x 400 x 260mm<\/span><\/p>\n<p><span style=\"color: #000000;\">Ch\u1ea5t li\u1ec7u: S\u1ea3n ph\u1ea9m \u0111\u01b0\u1ee3c ho\u00e0n thi\u1ec7n t\u1eeb g\u1ed1m s\u1ee9, \u0111\u01b0\u1eddng n\u00e9t hoa v\u0103n tinh t\u1ebf<\/span><\/p>\n<p><span style=\"color: #000000;\">B\u1ea3o h\u00e0nh: 05 n\u0103m<\/span><\/p>\n<p><span style=\"color: #ed1c24;\">Ghi Ch\u00fa: Li\u00ean H\u1ec7 Tr\u1ef1c Ti\u1ebfp \u0110\u1ec3 \u0110\u01b0\u1ee3c \u01b0u \u0111\u00e3i t\u1ed1t nh\u1ea5t<\/span><\/p>\n<\/div>\n<div class=\"social-block\">\n<div class=\"social-btns\"><\/div>\n<\/div>\n<\/div>\n<\/div>\n","protected":false},"featured_media":3753,"comment_status":"open","ping_status":"closed","template":"","meta":[],"product_cat":[192],"product_tag":[96,418,419,349,325,420],"_links":{"self":[{"href":"https:\/\/muanhanhthietbivesinh.vn\/index.php?rest_route=\/wp\/v2\/product\/3759"}],"collection":[{"href":"https:\/\/muanhanhthietbivesinh.vn\/index.php?rest_route=\/wp\/v2\/product"}],"about":[{"href":"https:\/\/muanhanhthietbivesinh.vn\/index.php?rest_route=\/wp\/v2\/types\/product"}],"replies":[{"embeddable":true,"href":"https:\/\/muanhanhthietbivesinh.vn\/index.php?rest_route=%2Fwp%2Fv2%2Fcomments&post=3759"}],"wp:featuredmedia":[{"embeddable":true,"href":"https:\/\/muanhanhthietbivesinh.vn\/index.php?rest_route=\/wp\/v2\/media\/3753"}],"wp:attachment":[{"href":"https:\/\/muanhanhthietbivesinh.vn\/index.php?rest_route=%2Fwp%2Fv2%2Fmedia&parent=3759"}],"wp:term":[{"taxonomy":"product_cat","embeddable":true,"href":"https:\/\/muanhanhthietbivesinh.vn\/index.php?rest_route=%2Fwp%2Fv2%2Fproduct_cat&post=3759"},{"taxonomy":"product_tag","embeddable":true,"href":"https:\/\/muanhanhthietbivesinh.vn\/index.php?rest_route=%2Fwp%2Fv2%2Fproduct_tag&post=3759"}],"curies":[{"name":"wp","href":"https:\/\/api.w.org\/{rel}","templated":true}]}}