{"id":3724,"date":"2023-11-29T10:22:35","date_gmt":"2023-11-29T03:22:35","guid":{"rendered":"https:\/\/muanhanhthietbivesinh.vn\/?post_type=product&#038;p=3724"},"modified":"2023-11-29T10:22:35","modified_gmt":"2023-11-29T03:22:35","slug":"voi-rua-chen-nong-lanh-fluty-fc-802","status":"publish","type":"product","link":"https:\/\/muanhanhthietbivesinh.vn\/?product=voi-rua-chen-nong-lanh-fluty-fc-802","title":{"rendered":"V\u00f2i  R\u1eeda Ch\u00e9n N\u00f3ng L\u1ea1nh FLUTY FC 802"},"content":{"rendered":"<p><strong>V\u00f2i ch\u1eadu b\u1ebfp m\u1ea1 chrome FC802<\/strong><\/p>\n<p>Ngo\u00e0i c\u00e1c ch\u1ee9c n\u0103ng nh\u01b0 r\u1eeda tay, r\u1eeda m\u1eb7t th\u00f4ng th\u01b0\u1eddng, v\u1edbi s\u1ef1 k\u1ebft h\u1ee3p tinh t\u1ebf gi\u1eefa phong c\u00e1ch sang tr\u1ecdng v\u00e0 t\u00f4 \u0111i\u1ec3m th\u00eam ph\u1ea7n c\u00e1ch \u0111i\u1ec7u, c\u1ea7u k\u1ef3,\u00a0<strong>V\u00f2i ch\u1eadu b\u1ebfp m\u1ea1 chrome FC802<\/strong>\u00a0c\u00f2n th\u1ec3 hi\u1ec7n v\u1ebb \u0111\u1eb9p m\u1ef9 thu\u1eadt \u0111\u1ed9c \u0111\u00e1o, l\u00e0m cho kh\u00f4ng gian n\u1ed9i th\u1ea5t th\u00eam \u0111i\u1ec3m nh\u1ea5n \u0111\u1ed9c \u0111\u00e1o v\u00e0 n\u1ed5i b\u1eadt.<\/p>\n<p><strong>V\u00f2i ch\u1eadu b\u1ebfp m\u1ea1 chrome FC802\u00a0<\/strong>ch\u1ebf t\u00e1c t\u1eeb ch\u1ea5t li\u1ec7u \u0111\u1ed3ng thau, tr\u00ean b\u1ec1 m\u1eb7t \u0111\u01b0\u1ee3c ph\u1ee7 l\u1edbp m\u1ea1 chrome t\u1ea1o ra v\u1ebb \u0111\u1eb9p s\u00e1ng b\u00f3ng v\u00e0 sang tr\u1ecdng mang \u0111\u1ebfn v\u1ebb \u0111\u1eb9p tinh t\u1ebf c\u00f9ng kh\u1ea3 n\u0103ng v\u1eadn h\u00e0nh \u1ed5n \u0111\u1ecbnh trong m\u00f4i tr\u01b0\u1eddng c\u00f3 nhi\u1ec7t \u0111\u1ed9 \u1ea9m th\u1ea5p, d\u1ec5 b\u1ecb oxy h\u00f3a nh\u01b0 ph\u00f2ng t\u1eafm, khu nh\u00e0 v\u1ec7 sinh.<\/p>\n<p><img loading=\"lazy\" decoding=\"async\" class=\"alignnone size-full wp-image-3584\" src=\"https:\/\/muanhanhthietbivesinh.vn\/wp-content\/uploads\/2023\/11\/FC-802.jpg\" alt=\"\" width=\"1635\" height=\"1822\" srcset=\"https:\/\/muanhanhthietbivesinh.vn\/wp-content\/uploads\/2023\/11\/FC-802.jpg 1635w, https:\/\/muanhanhthietbivesinh.vn\/wp-content\/uploads\/2023\/11\/FC-802-269x300.jpg 269w, https:\/\/muanhanhthietbivesinh.vn\/wp-content\/uploads\/2023\/11\/FC-802-919x1024.jpg 919w, https:\/\/muanhanhthietbivesinh.vn\/wp-content\/uploads\/2023\/11\/FC-802-768x856.jpg 768w, https:\/\/muanhanhthietbivesinh.vn\/wp-content\/uploads\/2023\/11\/FC-802-1378x1536.jpg 1378w, https:\/\/muanhanhthietbivesinh.vn\/wp-content\/uploads\/2023\/11\/FC-802-510x568.jpg 510w\" sizes=\"(max-width: 1635px) 100vw, 1635px\" \/><\/p>\n<p>Chi\u1ebfc v\u00f2i s\u1edf h\u1eefu ki\u1ec3u d\u00e1ng thi\u1ebft k\u1ebf phong c\u00e1ch m\u1ef9 thu\u1eadt \u0111\u1ed9c \u0111\u00e1o, ph\u00e1 c\u00e1ch v\u00e0 s\u1ef1 k\u1ebft h\u1ee3p h\u00e0i h\u00f2a gi\u1eefa v\u1ebb \u0111\u1eb9p ki\u1ebfn tr\u00fac t\u00e2n c\u1ed5 \u0111i\u1ec3n v\u00e0 sang tr\u1ecdng theo xu h\u01b0\u1edbng hi\u1ec7n \u0111\u1ea1i t\u1ea1o n\u00ean cho kh\u00f4ng gian th\u00eam n\u00e9t n\u1ed5i b\u1eadt.<\/p>\n<p><strong>V\u00f2i ch\u1eadu b\u1ebfp m\u1ea1 chrome FC802<\/strong>\u00a0\u0111\u01b0\u1ee3c trang b\u1ecb 2 \u0111\u01b0\u1eddng \u1ed1ng c\u1ea5p n\u01b0\u1edbc v\u00e0 ch\u1ebf t\u00e1c theo ki\u1ec3u c\u1ea7n g\u1ea1t \u0111\u00f3ng\/m\u1edf n\u01b0\u1edbc n\u00f3ng l\u1ea1nh ki\u1ec3u g\u1eadt g\u00f9, d\u1ec5 s\u1eed d\u1ee5ng. Ng\u01b0\u1eddi d\u00f9ng n\u00e2ng nh\u1eb9 tay g\u1ea1t l\u00ean v\u00e0 g\u1ea1t sang ph\u1ea3i \u0111\u1ec3 cho ra l\u01b0\u1ee3ng n\u01b0\u1edbc l\u1ea1nh c\u1ea7n d\u00f9ng, sau \u0111\u00f3 g\u1ea1t t\u1eeb t\u1eeb v\u1ec1 ph\u00eda b\u00ean tr\u00e1i \u0111\u1ec3 \u0111i\u1ec1u ch\u1ec9nh nhi\u1ec7t \u0111\u1ed9 n\u01b0\u1edbc n\u00f3ng ph\u00f9 h\u1ee3p.<\/p>\n<p>S\u1ea3n ph\u1ea9m \u0111\u01b0\u1ee3c trang b\u1ecb theo k\u00e8m c\u00e1c ph\u1ee5 ki\u1ec7n d\u00e2y d\u1eabn c\u1ea5p n\u01b0\u1edbc n\u00f3ng l\u1ea1nh, gio\u0103ng cao su, c\u1eb7p thanh ren gi\u00fap k\u1ebft n\u1ed1i 2 b\u1ed9 ph\u1eadn th\u00e2n v\u00e0 ch\u00e2n v\u00f2i, phi\u1ebfu b\u1ea3o h\u00e0nh\u2026\u00a0<strong>V\u00f2i ch\u1eadu b\u1ebfp m\u1ea1 chrome FC802<\/strong>\u00a0mang \u0111\u1ebfn ngu\u1ed3n c\u1ea3m h\u1ee9ng, s\u1ef1 tho\u1ea3i m\u00e1i cho nh\u1eefng ai s\u1eed d\u1ee5ng qua v\u00e0 ph\u00f9 h\u1ee3p l\u1eafp \u0111\u1eb7t trong c\u00e1c c\u00f4ng tr\u00ecnh ki\u1ebfn tr\u00fac nh\u00e0 \u1edf, resort, kh\u00e1ch s\u1ea1n, nh\u00e0 h\u00e0ng, qu\u00e1n \u0103n theo phong c\u00e1ch modern, neo classical interior<\/p>\n<p><b>NPP NGUY\u00caN PH\u00c1T HOME<\/b><\/p>\n<p>Showroom: 216\/3 L\u00ea V\u0103n Qu\u1edbi, P. BHH A, Q. B\u00ecnh T\u00e2n , TP.HCM<\/p>\n<p>Hotline: 0938.028.468<\/p>\n<p>ZALO : 09666.58068<\/p>\n","protected":false},"excerpt":{"rendered":"<h1 class=\"product-title product_title entry-title\"><strong>V\u00f2i R\u1eeda Ch\u00e9n Fluty FC 802<\/strong><\/h1>\n<div class=\"product-short-description\">\n<ul>\n<li>V\u1eadt li\u1ec7u: \u0110\u1ed3ng thau + Crome<\/li>\n<li>M\u1ea1 Crome 5 l\u1edbp<\/li>\n<li>S\u1ea3n xu\u1ea5t theo ti\u00eau chu\u1ea9n Italia<\/li>\n<li>B\u1ea3o h\u00e0nh l\u00ean \u0111\u1ebfn 5 n\u0103m<\/li>\n<li>Ch\u1ee9c N\u0103ng: N\u00f3ng L\u1ea1nh<\/li>\n<\/ul>\n<\/div>\n","protected":false},"featured_media":3584,"comment_status":"open","ping_status":"closed","template":"","meta":[],"product_cat":[381],"product_tag":[389,343,349,325,361],"_links":{"self":[{"href":"https:\/\/muanhanhthietbivesinh.vn\/index.php?rest_route=\/wp\/v2\/product\/3724"}],"collection":[{"href":"https:\/\/muanhanhthietbivesinh.vn\/index.php?rest_route=\/wp\/v2\/product"}],"about":[{"href":"https:\/\/muanhanhthietbivesinh.vn\/index.php?rest_route=\/wp\/v2\/types\/product"}],"replies":[{"embeddable":true,"href":"https:\/\/muanhanhthietbivesinh.vn\/index.php?rest_route=%2Fwp%2Fv2%2Fcomments&post=3724"}],"wp:featuredmedia":[{"embeddable":true,"href":"https:\/\/muanhanhthietbivesinh.vn\/index.php?rest_route=\/wp\/v2\/media\/3584"}],"wp:attachment":[{"href":"https:\/\/muanhanhthietbivesinh.vn\/index.php?rest_route=%2Fwp%2Fv2%2Fmedia&parent=3724"}],"wp:term":[{"taxonomy":"product_cat","embeddable":true,"href":"https:\/\/muanhanhthietbivesinh.vn\/index.php?rest_route=%2Fwp%2Fv2%2Fproduct_cat&post=3724"},{"taxonomy":"product_tag","embeddable":true,"href":"https:\/\/muanhanhthietbivesinh.vn\/index.php?rest_route=%2Fwp%2Fv2%2Fproduct_tag&post=3724"}],"curies":[{"name":"wp","href":"https:\/\/api.w.org\/{rel}","templated":true}]}}