{"id":3720,"date":"2023-11-28T15:00:06","date_gmt":"2023-11-28T08:00:06","guid":{"rendered":"https:\/\/muanhanhthietbivesinh.vn\/?post_type=product&#038;p=3720"},"modified":"2023-11-28T15:00:06","modified_gmt":"2023-11-28T08:00:06","slug":"voi-rua-chen-nong-lanh-inox-304-fluty-fc9855","status":"publish","type":"product","link":"https:\/\/muanhanhthietbivesinh.vn\/?product=voi-rua-chen-nong-lanh-inox-304-fluty-fc9855","title":{"rendered":"V\u00f2i R\u1eeda Ch\u00e9n N\u00f3ng L\u1ea1nh Inox 304 FLUTY FC9855"},"content":{"rendered":"<div class=\"large-2 col pb-0 mb-0\">\n<h5 class=\"uppercase mt\">M\u00d4 T\u1ea2<\/h5>\n<\/div>\n<div class=\"large-10 col pb-0 mb-0\">\n<div class=\"panel entry-content\">\n<p>V\u00f2i R\u1eeda Ch\u00e9n Fluty FC9855<\/p>\n<ul>\n<li>V\u1eadt li\u1ec7u: Inox 304<\/li>\n<li>S\u1ea3n xu\u1ea5t theo ti\u00eau chu\u1ea9n Italia<\/li>\n<li>B\u1ea3o h\u00e0nh l\u00ean \u0111\u1ebfn 5 n\u0103m<\/li>\n<\/ul>\n<p><img loading=\"lazy\" decoding=\"async\" class=\"aligncenter wp-image-848 size-large lazy-load-active\" src=\"http:\/\/fluty.com.vn\/fluty\/wp-content\/uploads\/2023\/03\/FC9855-809x800.jpg\" sizes=\"(max-width: 809px) 100vw, 809px\" srcset=\"https:\/\/fluty.com.vn\/fluty\/wp-content\/uploads\/2023\/03\/FC9855-809x800.jpg 809w, https:\/\/fluty.com.vn\/fluty\/wp-content\/uploads\/2023\/03\/FC9855-404x400.jpg 404w, https:\/\/fluty.com.vn\/fluty\/wp-content\/uploads\/2023\/03\/FC9855-200x198.jpg 200w, https:\/\/fluty.com.vn\/fluty\/wp-content\/uploads\/2023\/03\/FC9855-768x760.jpg 768w, https:\/\/fluty.com.vn\/fluty\/wp-content\/uploads\/2023\/03\/FC9855-1536x1519.jpg 1536w, https:\/\/fluty.com.vn\/fluty\/wp-content\/uploads\/2023\/03\/FC9855-2048x2025.jpg 2048w, https:\/\/fluty.com.vn\/fluty\/wp-content\/uploads\/2023\/03\/FC9855-510x504.jpg 510w, https:\/\/fluty.com.vn\/fluty\/wp-content\/uploads\/2023\/03\/FC9855-100x100.jpg 100w\" alt=\"\" width=\"809\" height=\"800\" data-src=\"http:\/\/fluty.com.vn\/fluty\/wp-content\/uploads\/2023\/03\/FC9855-809x800.jpg\" data-srcset=\"https:\/\/fluty.com.vn\/fluty\/wp-content\/uploads\/2023\/03\/FC9855-809x800.jpg 809w, https:\/\/fluty.com.vn\/fluty\/wp-content\/uploads\/2023\/03\/FC9855-404x400.jpg 404w, https:\/\/fluty.com.vn\/fluty\/wp-content\/uploads\/2023\/03\/FC9855-200x198.jpg 200w, https:\/\/fluty.com.vn\/fluty\/wp-content\/uploads\/2023\/03\/FC9855-768x760.jpg 768w, https:\/\/fluty.com.vn\/fluty\/wp-content\/uploads\/2023\/03\/FC9855-1536x1519.jpg 1536w, https:\/\/fluty.com.vn\/fluty\/wp-content\/uploads\/2023\/03\/FC9855-2048x2025.jpg 2048w, https:\/\/fluty.com.vn\/fluty\/wp-content\/uploads\/2023\/03\/FC9855-510x504.jpg 510w, https:\/\/fluty.com.vn\/fluty\/wp-content\/uploads\/2023\/03\/FC9855-100x100.jpg 100w\" \/><\/p>\n<p><b>NPP NGUY\u00caN PH\u00c1T HOME<\/b><\/p>\n<p>Showroom: 216\/3 L\u00ea V\u0103n Qu\u1edbi, P. BHH A, Q. B\u00ecnh T\u00e2n , TP.HCM<\/p>\n<p>Hotline: 0938.028.468<\/p>\n<p>ZALO : 09666.58068<\/p>\n<p>&nbsp;<\/p>\n<\/div>\n<\/div>\n","protected":false},"excerpt":{"rendered":"<h1 class=\"product-title product_title entry-title\"><strong>V\u00f2i R\u1eeda Ch\u00e9n Fluty FC9855<\/strong><\/h1>\n<div class=\"product-short-description\">\n<ul>\n<li>V\u1eadt li\u1ec7u: \u0110\u1ed3ng thau<\/li>\n<li>M\u1ea1 Crome 5 l\u1edbp<\/li>\n<li>S\u1ea3n xu\u1ea5t theo ti\u00eau chu\u1ea9n Italia<\/li>\n<li>B\u1ea3o h\u00e0nh l\u00ean \u0111\u1ebfn 5 n\u0103m<\/li>\n<li>Ch\u1ee9c N\u0103ng: N\u00f3ng L\u1ea1nh<\/li>\n<\/ul>\n<\/div>\n","protected":false},"featured_media":3592,"comment_status":"open","ping_status":"closed","template":"","meta":[],"product_cat":[381],"product_tag":[343,349,325,383],"_links":{"self":[{"href":"https:\/\/muanhanhthietbivesinh.vn\/index.php?rest_route=\/wp\/v2\/product\/3720"}],"collection":[{"href":"https:\/\/muanhanhthietbivesinh.vn\/index.php?rest_route=\/wp\/v2\/product"}],"about":[{"href":"https:\/\/muanhanhthietbivesinh.vn\/index.php?rest_route=\/wp\/v2\/types\/product"}],"replies":[{"embeddable":true,"href":"https:\/\/muanhanhthietbivesinh.vn\/index.php?rest_route=%2Fwp%2Fv2%2Fcomments&post=3720"}],"wp:featuredmedia":[{"embeddable":true,"href":"https:\/\/muanhanhthietbivesinh.vn\/index.php?rest_route=\/wp\/v2\/media\/3592"}],"wp:attachment":[{"href":"https:\/\/muanhanhthietbivesinh.vn\/index.php?rest_route=%2Fwp%2Fv2%2Fmedia&parent=3720"}],"wp:term":[{"taxonomy":"product_cat","embeddable":true,"href":"https:\/\/muanhanhthietbivesinh.vn\/index.php?rest_route=%2Fwp%2Fv2%2Fproduct_cat&post=3720"},{"taxonomy":"product_tag","embeddable":true,"href":"https:\/\/muanhanhthietbivesinh.vn\/index.php?rest_route=%2Fwp%2Fv2%2Fproduct_tag&post=3720"}],"curies":[{"name":"wp","href":"https:\/\/api.w.org\/{rel}","templated":true}]}}