{"id":3533,"date":"2023-05-21T16:01:58","date_gmt":"2023-05-21T09:01:58","guid":{"rendered":"https:\/\/muanhanhthietbivesinh.vn\/?post_type=product&#038;p=3533"},"modified":"2023-05-21T16:01:58","modified_gmt":"2023-05-21T09:01:58","slug":"ke-go-me-tay-ke-lavabo-go-me-tay","status":"publish","type":"product","link":"https:\/\/muanhanhthietbivesinh.vn\/?product=ke-go-me-tay-ke-lavabo-go-me-tay","title":{"rendered":"K\u1ec7 G\u1ed7 Me T\u00e2y &#8211; K\u1ec7 Lavabo G\u1ed7 Me T\u00e2y"},"content":{"rendered":"<p><strong>k\u1ec7 lavabo g\u1ed7 me t\u00e2y<\/strong><\/p>\n<p>Ch\u00fang t\u00f4i chia s\u1ebb cho b\u1ea1n nhi\u1ec1u \u00fd t\u01b0\u1edfng gi\u1ea3i ph\u00e1p kh\u00f4ng gian r\u1eeda ki\u1ec3u ph\u00f2ng t\u1eafm rustic style c\u1ee7a c\u00f4ng tr\u00ecnh, nh\u01b0 tr\u01b0\u1eddng h\u1ee3p \u1edf \u0111\u00e2y g\u1ed7 nguy\u00ean t\u1ea5m th\u00f4 m\u1ed9c k\u1ebft h\u1ee3p v\u1edbi\u00a0<strong>EKE<\/strong>\u00a0th\u1ee3 s\u1eaft r\u00e8n l\u1eeda m\u1ef9 thu\u1eadt \u0111\u01a1n gi\u1ea3n nh\u01b0ng g\u1ed3 gh\u1ec1 n\u1eb7ng k\u00fd l\u00f4 sau khi s\u01a1n nhi\u1ec1u l\u1edbp ch\u1ed1ng r\u1ec9 \u0111\u1ec3 s\u1eed d\u1ee5ng trong m\u00f4i tr\u01b0\u1eddng \u1ea9m, nhi\u1ec1u h\u01a1i n\u01b0\u1edbc, ch\u00fang t\u00f4i b\u00e0y th\u1eed g\u1ee3i \u00fd cho b\u1ea1n v\u00e0i ki\u1ec3u.<\/p>\n<p>B\u1ec7 \u0111\u1ec3 lavabo, b\u1ec7 m\u1eb7t g\u1ed7 t\u1ef1 nhi\u00ean nguy\u00ean t\u1ea5m \u0111\u1ec3 ch\u1eadu r\u1eeda. K\u1ec7 lavabo \u0111\u1eb9p ph\u00f9 h\u1ee3p v\u1edbi c\u00e1c c\u00f4ng tr\u00ecnh d\u00e9cor ki\u1ebfn tr\u00fac m\u1ef9 thu\u1eadt thi\u00ean nhi\u00ean m\u1ed9c m\u1ea1c, t\u00f4ng c\u1ed5 \u0111i\u1ec3n ho\u1eb7c \u0111\u01b0\u01a1ng \u0111\u1ea1i<\/p>\n<p><img loading=\"lazy\" decoding=\"async\" class=\"alignnone size-full wp-image-3539\" src=\"https:\/\/muanhanhthietbivesinh.vn\/wp-content\/uploads\/2023\/05\/d664e904f923277d7e32.jpeg\" alt=\"\" width=\"720\" height=\"1280\" srcset=\"https:\/\/muanhanhthietbivesinh.vn\/wp-content\/uploads\/2023\/05\/d664e904f923277d7e32.jpeg 720w, https:\/\/muanhanhthietbivesinh.vn\/wp-content\/uploads\/2023\/05\/d664e904f923277d7e32-169x300.jpeg 169w, https:\/\/muanhanhthietbivesinh.vn\/wp-content\/uploads\/2023\/05\/d664e904f923277d7e32-576x1024.jpeg 576w, https:\/\/muanhanhthietbivesinh.vn\/wp-content\/uploads\/2023\/05\/d664e904f923277d7e32-510x907.jpeg 510w\" sizes=\"(max-width: 720px) 100vw, 720px\" \/> <img loading=\"lazy\" decoding=\"async\" class=\"alignnone size-full wp-image-3538\" src=\"https:\/\/muanhanhthietbivesinh.vn\/wp-content\/uploads\/2023\/05\/56c22dc93beee5b0bcff.jpeg\" alt=\"\" width=\"1280\" height=\"1280\" srcset=\"https:\/\/muanhanhthietbivesinh.vn\/wp-content\/uploads\/2023\/05\/56c22dc93beee5b0bcff.jpeg 1280w, https:\/\/muanhanhthietbivesinh.vn\/wp-content\/uploads\/2023\/05\/56c22dc93beee5b0bcff-300x300.jpeg 300w, https:\/\/muanhanhthietbivesinh.vn\/wp-content\/uploads\/2023\/05\/56c22dc93beee5b0bcff-1024x1024.jpeg 1024w, https:\/\/muanhanhthietbivesinh.vn\/wp-content\/uploads\/2023\/05\/56c22dc93beee5b0bcff-150x150.jpeg 150w, https:\/\/muanhanhthietbivesinh.vn\/wp-content\/uploads\/2023\/05\/56c22dc93beee5b0bcff-768x768.jpeg 768w, https:\/\/muanhanhthietbivesinh.vn\/wp-content\/uploads\/2023\/05\/56c22dc93beee5b0bcff-510x510.jpeg 510w, https:\/\/muanhanhthietbivesinh.vn\/wp-content\/uploads\/2023\/05\/56c22dc93beee5b0bcff-100x100.jpeg 100w\" sizes=\"(max-width: 1280px) 100vw, 1280px\" \/> <img loading=\"lazy\" decoding=\"async\" class=\"alignnone size-full wp-image-3537\" src=\"https:\/\/muanhanhthietbivesinh.vn\/wp-content\/uploads\/2023\/05\/357608881eafc0f199be.jpeg\" alt=\"\" width=\"1280\" height=\"1280\" srcset=\"https:\/\/muanhanhthietbivesinh.vn\/wp-content\/uploads\/2023\/05\/357608881eafc0f199be.jpeg 1280w, https:\/\/muanhanhthietbivesinh.vn\/wp-content\/uploads\/2023\/05\/357608881eafc0f199be-300x300.jpeg 300w, https:\/\/muanhanhthietbivesinh.vn\/wp-content\/uploads\/2023\/05\/357608881eafc0f199be-1024x1024.jpeg 1024w, https:\/\/muanhanhthietbivesinh.vn\/wp-content\/uploads\/2023\/05\/357608881eafc0f199be-150x150.jpeg 150w, https:\/\/muanhanhthietbivesinh.vn\/wp-content\/uploads\/2023\/05\/357608881eafc0f199be-768x768.jpeg 768w, https:\/\/muanhanhthietbivesinh.vn\/wp-content\/uploads\/2023\/05\/357608881eafc0f199be-510x510.jpeg 510w, https:\/\/muanhanhthietbivesinh.vn\/wp-content\/uploads\/2023\/05\/357608881eafc0f199be-100x100.jpeg 100w\" sizes=\"(max-width: 1280px) 100vw, 1280px\" \/><\/p>\n<figure id=\"attachment_3536\" aria-describedby=\"caption-attachment-3536\" style=\"width: 960px\" class=\"wp-caption alignnone\"><img loading=\"lazy\" decoding=\"async\" class=\"size-full wp-image-3536\" src=\"https:\/\/muanhanhthietbivesinh.vn\/wp-content\/uploads\/2023\/05\/Be_de_lavabo_chau_rua_FW05_02.jpeg\" alt=\"\" width=\"960\" height=\"600\" srcset=\"https:\/\/muanhanhthietbivesinh.vn\/wp-content\/uploads\/2023\/05\/Be_de_lavabo_chau_rua_FW05_02.jpeg 960w, https:\/\/muanhanhthietbivesinh.vn\/wp-content\/uploads\/2023\/05\/Be_de_lavabo_chau_rua_FW05_02-300x188.jpeg 300w, https:\/\/muanhanhthietbivesinh.vn\/wp-content\/uploads\/2023\/05\/Be_de_lavabo_chau_rua_FW05_02-768x480.jpeg 768w, https:\/\/muanhanhthietbivesinh.vn\/wp-content\/uploads\/2023\/05\/Be_de_lavabo_chau_rua_FW05_02-510x319.jpeg 510w\" sizes=\"(max-width: 960px) 100vw, 960px\" \/><figcaption id=\"caption-attachment-3536\" class=\"wp-caption-text\">B\u1ec7 \u0111\u1ec3 m\u1eb7t b\u00e0n g\u1ed7 nguy\u00ean t\u1ea5m g\u1ed7 \u0111\u1ec3 lavabo ch\u1eadu r\u1eeda trong ph\u00f2ng t\u1eafm hay toilet.<\/figcaption><\/figure>\n<p><img loading=\"lazy\" decoding=\"async\" class=\"alignnone size-full wp-image-3535\" src=\"https:\/\/muanhanhthietbivesinh.vn\/wp-content\/uploads\/2023\/05\/Screen-Shot-2023-03-16-at-5.36.42-PM.png\" alt=\"\" width=\"550\" height=\"626\" srcset=\"https:\/\/muanhanhthietbivesinh.vn\/wp-content\/uploads\/2023\/05\/Screen-Shot-2023-03-16-at-5.36.42-PM.png 550w, https:\/\/muanhanhthietbivesinh.vn\/wp-content\/uploads\/2023\/05\/Screen-Shot-2023-03-16-at-5.36.42-PM-264x300.png 264w, https:\/\/muanhanhthietbivesinh.vn\/wp-content\/uploads\/2023\/05\/Screen-Shot-2023-03-16-at-5.36.42-PM-510x580.png 510w\" sizes=\"(max-width: 550px) 100vw, 550px\" \/><\/p>\n<figure id=\"attachment_3534\" aria-describedby=\"caption-attachment-3534\" style=\"width: 960px\" class=\"wp-caption alignnone\"><img loading=\"lazy\" decoding=\"async\" class=\"size-full wp-image-3534\" src=\"https:\/\/muanhanhthietbivesinh.vn\/wp-content\/uploads\/2023\/05\/77f650355612884cd103.jpeg\" alt=\"\" width=\"960\" height=\"960\" srcset=\"https:\/\/muanhanhthietbivesinh.vn\/wp-content\/uploads\/2023\/05\/77f650355612884cd103.jpeg 960w, https:\/\/muanhanhthietbivesinh.vn\/wp-content\/uploads\/2023\/05\/77f650355612884cd103-300x300.jpeg 300w, https:\/\/muanhanhthietbivesinh.vn\/wp-content\/uploads\/2023\/05\/77f650355612884cd103-150x150.jpeg 150w, https:\/\/muanhanhthietbivesinh.vn\/wp-content\/uploads\/2023\/05\/77f650355612884cd103-768x768.jpeg 768w, https:\/\/muanhanhthietbivesinh.vn\/wp-content\/uploads\/2023\/05\/77f650355612884cd103-510x510.jpeg 510w, https:\/\/muanhanhthietbivesinh.vn\/wp-content\/uploads\/2023\/05\/77f650355612884cd103-100x100.jpeg 100w\" sizes=\"(max-width: 960px) 100vw, 960px\" \/><figcaption id=\"caption-attachment-3534\" class=\"wp-caption-text\">B\u1ec7 \u0111\u1ec3 m\u1eb7t b\u00e0n g\u1ed7 nguy\u00ean t\u1ea5m g\u1ed7 \u0111\u1ec3 lavabo ch\u1eadu r\u1eeda trong ph\u00f2ng t\u1eafm hay toilet.<\/figcaption><\/figure>\n","protected":false},"excerpt":{"rendered":"<ul>\n<li><strong>ke \u0111\u1ee1 \u0111\u01b0\u1ee3c l\u00e0m t\u1eeb s\u1eaft r\u00e8n hay c\u00f2n g\u1ecdi l\u00e0 s\u1eaft m\u1ef9 thu\u1eadt\u00a0<\/strong><\/li>\n<li><strong>M\u00e0u s\u01a1n gi\u1ea3 c\u1ed5\u00a0<\/strong><\/li>\n<li><strong>K\u00edch th\u01b0\u1edbc: 35&#215;35 cm\u00a0<\/strong><\/li>\n<li><strong>S\u1ea3n Ph\u1ea9m k\u00e8m : T\u1eaft K\u00ea S\u1eaft + V\u00edt<\/strong><\/li>\n<li><strong>b\u1ea3o h\u00e0nh : 5 n\u0103m<\/strong><\/li>\n<\/ul>\n<p><strong><span style=\"color: #ed1c24;\">L\u01b0u \u00dd: K\u1ebft h\u1ee3p Th\u00eam b\u00e0n g\u1ed7 Theo y\u00eau c\u1ea7u Lh tr\u1ef1c ti\u1ebfp \u0111\u1ec3 \u0111\u01b0\u1ee3c t\u01b0 v\u1ea5n\u00a0<\/span><\/strong><\/p>\n","protected":false},"featured_media":3534,"comment_status":"open","ping_status":"closed","template":"","meta":[],"product_cat":[186],"product_tag":[336,334,335,83],"_links":{"self":[{"href":"https:\/\/muanhanhthietbivesinh.vn\/index.php?rest_route=\/wp\/v2\/product\/3533"}],"collection":[{"href":"https:\/\/muanhanhthietbivesinh.vn\/index.php?rest_route=\/wp\/v2\/product"}],"about":[{"href":"https:\/\/muanhanhthietbivesinh.vn\/index.php?rest_route=\/wp\/v2\/types\/product"}],"replies":[{"embeddable":true,"href":"https:\/\/muanhanhthietbivesinh.vn\/index.php?rest_route=%2Fwp%2Fv2%2Fcomments&post=3533"}],"wp:featuredmedia":[{"embeddable":true,"href":"https:\/\/muanhanhthietbivesinh.vn\/index.php?rest_route=\/wp\/v2\/media\/3534"}],"wp:attachment":[{"href":"https:\/\/muanhanhthietbivesinh.vn\/index.php?rest_route=%2Fwp%2Fv2%2Fmedia&parent=3533"}],"wp:term":[{"taxonomy":"product_cat","embeddable":true,"href":"https:\/\/muanhanhthietbivesinh.vn\/index.php?rest_route=%2Fwp%2Fv2%2Fproduct_cat&post=3533"},{"taxonomy":"product_tag","embeddable":true,"href":"https:\/\/muanhanhthietbivesinh.vn\/index.php?rest_route=%2Fwp%2Fv2%2Fproduct_tag&post=3533"}],"curies":[{"name":"wp","href":"https:\/\/api.w.org\/{rel}","templated":true}]}}