{"id":3388,"date":"2023-03-17T19:23:14","date_gmt":"2023-03-17T12:23:14","guid":{"rendered":"https:\/\/muanhanhthietbivesinh.vn\/?post_type=product&#038;p=3388"},"modified":"2023-03-19T11:59:00","modified_gmt":"2023-03-19T04:59:00","slug":"lavabo-da-tu-nhien-mau-trang-dtn02","status":"publish","type":"product","link":"https:\/\/muanhanhthietbivesinh.vn\/?product=lavabo-da-tu-nhien-mau-trang-dtn02","title":{"rendered":"Lavabo \u0110\u00e1 T\u1ef1 Nhi\u00ean M\u00e0u Tr\u1eafng DTN02"},"content":{"rendered":"<h2><strong>\u0110\u1eb7c \u0111i\u1ec3m lavabo \u0111\u00e1 t\u1ef1 nhi\u00ean<\/strong><\/h2>\n<ul>\n<li>Ch\u1eadu r\u1eeda (lavabo) \u0111\u01b0\u1ee3c xem l\u00e0 \u0111i\u1ec3m nh\u1ea5n trong thi\u1ebft k\u1ebf n\u1ed9i\/ngo\u1ea1i th\u1ea5t v\u1edbi phong c\u00e1ch g\u1ea7n g\u0169i thi\u00ean nhi\u00ean. S\u1ea3n ph\u1ea9m\u00a0\u0111\u01b0\u1ee3c l\u00e0m ho\u00e0n to\u00e0n b\u1eb1ng \u0111\u00e1 t\u1ef1 nhi\u00ean nguy\u00ean kh\u1ed1i, \u0111\u01b0\u1ee3c m\u00e0i, \u0111\u00e1nh b\u00f3ng ph\u00eda trong, bo tr\u00f2n xung quanh vi\u1ec1n\n<ul>\n<li><strong>V\u00e2n \u0111\u00e1<\/strong>\u00a0l\u00e0 m\u1ed9t n\u00e9t \u0111\u1eb7c bi\u1ec7t c\u1ee7a lo\u1ea1i\u00a0<strong>lavabo<\/strong>\u00a0(b\u1ed3n r\u1eeda m\u1eb7t) \u0111\u00e1 t\u1ef1 nhi\u00ean. B\u1edfi v\u00ec, m\u1ed7i\u00a0<strong>lavabo<\/strong>\u00a0\u0111\u01b0\u1ee3c l\u00e0m t\u1eeb m\u1ed9t kh\u1ed1i \u0111\u00e1 kh\u00e1c nhau, v\u00ec th\u1ebf v\u00e2n \u0111\u00e1 ho\u00e0n to\u00e0n kh\u00e1c nhau.<\/li>\n<\/ul>\n<p>**L\u01b0u \u00fd: S\u1ea3n ph\u1ea9m\u00a0<strong>Lavabo \u0111\u00e1 t\u1ef1 nhi\u00ean<\/strong>\u00a0\u0111\u01b0\u1ee3c ch\u1ebf t\u00e1c ho\u00e0n to\u00e0n b\u1eb1ng th\u1ee7 c\u00f4ng t\u1ec9 m\u1ec9 t\u1eebng \u0111\u01b0\u1eddng n\u00e9t. V\u00ec th\u1ebf, v\u1ec1 k\u00edch th\u01b0\u1edbc &amp; tr\u1ecdng l\u01b0\u1ee3ng c\u1ee7a\u00a0<strong>lavabo<\/strong>\u00a0s\u1ebd c\u00f3 sai s\u1ed1 nh\u1ecf.<\/li>\n<li>\u00a0\u00a0<img loading=\"lazy\" decoding=\"async\" class=\"alignnone size-full wp-image-3391\" src=\"https:\/\/muanhanhthietbivesinh.vn\/wp-content\/uploads\/2023\/03\/9820a3a7f1422c1c7553.jpeg\" alt=\"\" width=\"960\" height=\"1280\" srcset=\"https:\/\/muanhanhthietbivesinh.vn\/wp-content\/uploads\/2023\/03\/9820a3a7f1422c1c7553.jpeg 960w, https:\/\/muanhanhthietbivesinh.vn\/wp-content\/uploads\/2023\/03\/9820a3a7f1422c1c7553-225x300.jpeg 225w, https:\/\/muanhanhthietbivesinh.vn\/wp-content\/uploads\/2023\/03\/9820a3a7f1422c1c7553-768x1024.jpeg 768w, https:\/\/muanhanhthietbivesinh.vn\/wp-content\/uploads\/2023\/03\/9820a3a7f1422c1c7553-510x680.jpeg 510w\" sizes=\"(max-width: 960px) 100vw, 960px\" \/><\/li>\n<li><strong>Video Th\u1ef1c T\u1ebf<\/strong><\/li>\n<\/ul>\n<p><iframe loading=\"lazy\" title=\"Lavabo \u0111\u00e1 tr\u1eafng \u0111\u1eb9p cho s\u00e2n v\u01b0\u1eddn\" width=\"1020\" height=\"574\" src=\"https:\/\/www.youtube.com\/embed\/gUBtNVwpeTM?feature=oembed\" frameborder=\"0\" allow=\"accelerometer; autoplay; clipboard-write; encrypted-media; gyroscope; picture-in-picture; web-share\" allowfullscreen><\/iframe><\/p>\n<ul>\n<li>*<strong>Ghi ch\u00fa:<\/strong><br \/>\n<em>\u2013 C\u00e1c ph\u1ee5 ki\u1ec7n nh\u01b0 v\u00f2i n\u01b0\u1edbc, b\u1ec7 \u0111\u1ec3, b\u1ed9 x\u1ea3, xiphong\u2026 Kh\u00f4ng bao g\u1ed3m, c\u00e1c ph\u1ee5 ki\u1ec7n n\u00e0y \u0111\u01b0\u1ee3c ch\u00fang t\u00f4i cung c\u1ea5p ri\u00eang.<br \/>\n\u2013 S\u1ea3n ph\u1ea9m ch\u1ebf t\u00e1c th\u1ee7 c\u00f4ng t\u1eeb \u0111\u00e1 nguy\u00ean kh\u1ed1i, t\u1eebng chi\u1ebfc ri\u00eang l\u1ebb n\u00ean k\u00edch th\u01b0\u1edbc v\u00e0 tr\u1ecdng l\u01b0\u1ee3ng ch\u1eadu \u0111\u00e1 c\u00f3 sai s\u1ed1 nh\u1ecf.<\/em><\/li>\n<li><strong>NPP Nguy\u00ean Ph\u00e1t Home<\/strong>Li\u00ean h\u1ec7 ngay\u00a0<a href=\"https:\/\/muanhanhthietbivesinh.vn\/?product=chau-da-cuoi-mau-vang\" data-type=\"product\" data-id=\"3337\">#NguyenphatHome<\/a>\u00a0\u0111\u1ec3 \u0111\u01b0\u1ee3c t\u01b0 v\u1ea5n v\u00e0 nh\u1eadn th\u00f4ng tin S\u1edbm Nh\u1ea5t\n<p><strong><img decoding=\"async\" class=\"emoji\" role=\"img\" draggable=\"false\" src=\"https:\/\/s.w.org\/images\/core\/emoji\/13.1.0\/svg\/1f4e7.svg\" alt=\"\ud83d\udce7\" \/>\u00a0Email: nguyenphathome@gmail.com<\/strong><br \/>\n<strong><img decoding=\"async\" class=\"emoji\" role=\"img\" draggable=\"false\" src=\"https:\/\/s.w.org\/images\/core\/emoji\/13.1.0\/svg\/1f30d.svg\" alt=\"\ud83c\udf0d\" \/>Website: https:\/\/muanhanhthietbivesinh.vn<\/strong><\/li>\n<\/ul>\n","protected":false},"excerpt":{"rendered":"<div class=\"product-short-description\">\n<ul>\n<li>Lavabo \u0111\u00e1 marble t\u1ef1 nhi\u00ean<\/li>\n<li>Tr\u1ecdng l\u01b0\u1ee3ng kho\u1ea3ng: +\/-15 (kg)\/chi\u1ebfc<\/li>\n<li>K\u00edch th\u01b0\u1edbc \u0111\u01b0\u1eddng k\u00ednh ph\u1ee7 b\u00ec 400mm x cao 150mm<\/li>\n<li>Ch\u1ea5t li\u1ec7u s\u1ea3n ph\u1ea9m b\u1eb1ng \u0111\u00e1 nguy\u00ean kh\u1ed1i t\u1ef1 nhi\u00ean, \u0111\u00e1 phi\u1ebfn nguy\u00ean, khai th\u00e1c m\u1ecf<\/li>\n<li>T\u00ean g\u1ecdi\/lo\u1ea1i \u0111\u00e1: \u0110\u00e1 v\u00e2n Marble (Ngh\u1ec7 An, Vi\u1ec7t Nam) ho\u1eb7c c\u00f3 th\u1ec3 c\u00f3 nhi\u1ec1u t\u00ean g\u1ecdi kh\u00e1c<\/li>\n<li>Xu\u1ea5t x\u1ee9: S\u1ea3n xu\u1ea5t t\u1ea1i Vi\u1ec7t Nam<\/li>\n<li><strong>Li\u00ean H\u1ec7 : \u0110\u1ec3 \u0110\u01b0\u1ee3c T\u01b0 V\u1ea5n Mi\u1ec5n Ph\u00ed V\u00e0 Gi\u00e1 \u01afu \u0110\u00e3i Nh\u1ea5t<\/strong><\/li>\n<\/ul>\n<\/div>\n<form class=\"cart\" action=\"https:\/\/muanhanhthietbivesinh.vn\/?product=chau-rua-mat-da-tu-nhien-van-marble-dtn01\" enctype=\"multipart\/form-data\" method=\"post\">\n<div><\/div>\n<div class=\"quantity buttons_added\"><\/div>\n<\/form>\n","protected":false},"featured_media":3389,"comment_status":"open","ping_status":"closed","template":"","meta":[],"product_cat":[256],"product_tag":[271,276,272,257,260,277,87,275,274,273],"_links":{"self":[{"href":"https:\/\/muanhanhthietbivesinh.vn\/index.php?rest_route=\/wp\/v2\/product\/3388"}],"collection":[{"href":"https:\/\/muanhanhthietbivesinh.vn\/index.php?rest_route=\/wp\/v2\/product"}],"about":[{"href":"https:\/\/muanhanhthietbivesinh.vn\/index.php?rest_route=\/wp\/v2\/types\/product"}],"replies":[{"embeddable":true,"href":"https:\/\/muanhanhthietbivesinh.vn\/index.php?rest_route=%2Fwp%2Fv2%2Fcomments&post=3388"}],"wp:featuredmedia":[{"embeddable":true,"href":"https:\/\/muanhanhthietbivesinh.vn\/index.php?rest_route=\/wp\/v2\/media\/3389"}],"wp:attachment":[{"href":"https:\/\/muanhanhthietbivesinh.vn\/index.php?rest_route=%2Fwp%2Fv2%2Fmedia&parent=3388"}],"wp:term":[{"taxonomy":"product_cat","embeddable":true,"href":"https:\/\/muanhanhthietbivesinh.vn\/index.php?rest_route=%2Fwp%2Fv2%2Fproduct_cat&post=3388"},{"taxonomy":"product_tag","embeddable":true,"href":"https:\/\/muanhanhthietbivesinh.vn\/index.php?rest_route=%2Fwp%2Fv2%2Fproduct_tag&post=3388"}],"curies":[{"name":"wp","href":"https:\/\/api.w.org\/{rel}","templated":true}]}}