{"id":3330,"date":"2023-03-06T16:27:14","date_gmt":"2023-03-06T09:27:14","guid":{"rendered":"https:\/\/muanhanhthietbivesinh.vn\/?post_type=product&#038;p=3330"},"modified":"2023-03-19T12:10:59","modified_gmt":"2023-03-19T05:10:59","slug":"chau-rua-bang-da-cuoi","status":"publish","type":"product","link":"https:\/\/muanhanhthietbivesinh.vn\/?product=chau-rua-bang-da-cuoi","title":{"rendered":"Ch\u1eadu R\u1eeda B\u1eb1ng \u0110\u00e1 Cu\u1ed9i"},"content":{"rendered":"<p>Ch\u1eadu r\u1eeda b\u1eb1ng \u0111\u00e1 cu\u1ed9i \u00a0l\u00e0 chi\u1ebfc ch\u1eadu r\u1eeda ho\u00e0n thi\u1ec7n t\u1eeb nh\u1eefng c\u1ee5c \u0111\u00e1 cu\u1ed9i ngo\u00e0i s\u00f4ng, su\u1ed1i, h\u1ed3 \u0111\u01b0\u1ee3c khai th\u00e1c, nh\u1eb7t \u0111em v\u1ec1 v\u00e0 tr\u1ea3i qua qu\u00e1 tr\u00ecnh c\u1eaft, kho\u00e9t r\u1ed7ng l\u00f2ng, khoang l\u1ed7 x\u1ea3, m\u00e0i th\u1ee7 c\u00f4ng b\u1edfi c\u00e1c th\u1ee3 \u0111\u00e1 l\u00e0nh ngh\u1ec1 l\u00e2u n\u0103m.<\/p>\n<p><img loading=\"lazy\" decoding=\"async\" class=\"alignnone size-full wp-image-3331\" src=\"https:\/\/muanhanhthietbivesinh.vn\/wp-content\/uploads\/2023\/03\/63aec8184b7d9623cf6c.jpeg\" alt=\"\" width=\"1280\" height=\"1280\" srcset=\"https:\/\/muanhanhthietbivesinh.vn\/wp-content\/uploads\/2023\/03\/63aec8184b7d9623cf6c.jpeg 1280w, https:\/\/muanhanhthietbivesinh.vn\/wp-content\/uploads\/2023\/03\/63aec8184b7d9623cf6c-300x300.jpeg 300w, https:\/\/muanhanhthietbivesinh.vn\/wp-content\/uploads\/2023\/03\/63aec8184b7d9623cf6c-1024x1024.jpeg 1024w, https:\/\/muanhanhthietbivesinh.vn\/wp-content\/uploads\/2023\/03\/63aec8184b7d9623cf6c-150x150.jpeg 150w, https:\/\/muanhanhthietbivesinh.vn\/wp-content\/uploads\/2023\/03\/63aec8184b7d9623cf6c-768x768.jpeg 768w, https:\/\/muanhanhthietbivesinh.vn\/wp-content\/uploads\/2023\/03\/63aec8184b7d9623cf6c-510x510.jpeg 510w, https:\/\/muanhanhthietbivesinh.vn\/wp-content\/uploads\/2023\/03\/63aec8184b7d9623cf6c-100x100.jpeg 100w\" sizes=\"(max-width: 1280px) 100vw, 1280px\" \/> \u00a0\u00a0 Ch\u00fang th\u1eadt s\u1ef1 m\u1ed9c m\u1ea1c, th\u00e2n thi\u1ec7n v\u00e0 g\u1ea7n g\u0169i v\u1edbi thi\u00ean nhi\u00ean c\u1ea3nh quang n\u1ed9i th\u1ea5t xung quanh. \u0110\u1ed3ng th\u1eddi, khi \u0111\u01b0\u1ee3c k\u1ebft h\u1ee3p v\u1edbi V\u00f2i n\u01b0\u1edbc v\u00e0 b\u1ed9 xar\u00a0hay Ph\u1ee5 Ki\u1ec7n \u0110\u1ed3ng s\u1ebd t\u1ea1o th\u00e0nh b\u1ed9 v\u1eadt d\u1ee5ng v\u1ec7 sinh \u0111\u1ed9c \u0111\u00e1o, h\u1eefu \u00edt, l\u1ea1 l\u1eabm v\u00e0 \u1ea5n t\u01b0\u1ee3ng m\u00e3i v\u1edbi b\u1ea5t k\u1ef3 ai s\u1eed d\u1ee5ng qua.<\/p>\n<p><a href=\"https:\/\/www.youtube.com\/shorts\/nw7-fLSxGys\">https:\/\/www.youtube.com\/shorts\/nw7-fLSxGys<\/a><\/p>\n<p>&nbsp;<\/p>\n<p><em>L\u01b0u \u00fd:<\/em><\/p>\n<ul>\n<li><em>Ph\u1ed1i c\u1ea3nh quan n\u1ed9i ngo\u1ea1i th\u1ea5t xung quanh v\u00e0 c\u00e1c thi\u1ebft b\u1ecb \u0111i k\u00e8m ph\u1ea3i ph\u00f9 h\u1ee3p.<\/em><\/li>\n<li><em>C\u00e1c ph\u1ee5 ki\u1ec7n: V\u00f2i n\u01b0\u1edbc, b\u1ec7 \u0111\u1ec3, b\u1ed9 x\u1ea3, xiphong,\u2026 kh\u00f4ng bao g\u1ed3m. Thi\u1ebft b\u1ecb n\u00e0y \u0111\u01b0\u1ee3c ch\u00fang t\u00f4i cung c\u1ea5p ri\u00eang.<\/em><\/li>\n<li><em>T\u1ea1o \u0111i\u1ec3m nh\u1ea5n phong c\u00e1ch m\u1ed9c m\u1ea1c t\u1ef1 nhi\u00ean khi s\u1eed d\u1ee5ng k\u00e8m v\u00f2i b\u1eb1ng \u0111\u1ed3ng c\u1ed5 v\u00e0 b\u1ed9 xiphong (\u0111\u1ea7u thu n\u01b0\u1edbc x\u1ea3 b\u1eb1ng \u0111\u1ed3ng thau), \u1ed1ng co ch\u1eef P v\u00e0 c\u00e1c ph\u1ee5 ki\u1ec7n kh\u00e1c.<\/em><\/li>\n<li><em>\u00a0Do c\u1ee5c \u0111\u00e1 cu\u1ed9i nh\u1eb7t ngo\u00e0i t\u1ef1 nhi\u00ean n\u00ean ki\u1ec3u d\u00e1ng v\u00e0 m\u00e0u s\u1eafc kh\u00f4ng c\u00f3 c\u1ee5c \u0111\u00e1 n\u00e0o gi\u1ed1ng nhau ho\u00e0n to\u00e0n. Qu\u00fd kh\u00e1ch\u00a0<a href=\"https:\/\/kanly.vn\/shop\/lien-he\/\" target=\"_blank\" rel=\"noopener\">li\u00ean h\u1ec7 ch\u00fang t\u00f4i<\/a>\u00a0s\u1ebd cung c\u1ea5p h\u00ecnh \u1ea3nh c\u1ee7a s\u1ea3n ph\u1ea9m m\u1edbi nh\u1ea5t hi\u1ec7n \u0111ang c\u00f3 trong kho t\u1ea1i th\u1eddi \u0111i\u1ec3m qu\u00fd kh\u00e1ch c\u1ea7n.<\/em><\/li>\n<\/ul>\n<p>&nbsp;<\/p>\n<p>&nbsp;<\/p>\n","protected":false},"excerpt":{"rendered":"<ul>\n<li>Lavabo \u0111\u00e1 cu\u1ed9i, lavabo \u0111\u00e1 t\u1ef1 nhi\u00ean<\/li>\n<li>Ch\u1ea5t li\u1ec7u \u0111\u00e1 cu\u1ed9i, khai th\u00e1c ngo\u00e0i t\u1ef1 nhi\u00ean, s\u00f4ng, su\u1ed1i<\/li>\n<li>Th\u1ee3 \u0111\u00e1 c\u1eaft, kho\u00e9t r\u1ed7ng, m\u00e0i t\u1ea1o th\u00e0nh ch\u1eadu r\u1eeda<\/li>\n<li>Tr\u1ecdng l\u01b0\u1ee3ng: +\/- xxkg\/chi\u1ebfc<\/li>\n<li>K\u00edch th\u01b0\u1edbc ph\u1ee7 b\u00ec xem m\u1ee5c th\u00f4ng s\u1ed1<\/li>\n<li>S\u1ea3n xu\u1ea5t t\u1ea1i\u00a0<strong>Vi\u1ec7t Nam<\/strong><\/li>\n<\/ul>\n","protected":false},"featured_media":3326,"comment_status":"open","ping_status":"closed","template":"","meta":[],"product_cat":[256],"product_tag":[257,258],"_links":{"self":[{"href":"https:\/\/muanhanhthietbivesinh.vn\/index.php?rest_route=\/wp\/v2\/product\/3330"}],"collection":[{"href":"https:\/\/muanhanhthietbivesinh.vn\/index.php?rest_route=\/wp\/v2\/product"}],"about":[{"href":"https:\/\/muanhanhthietbivesinh.vn\/index.php?rest_route=\/wp\/v2\/types\/product"}],"replies":[{"embeddable":true,"href":"https:\/\/muanhanhthietbivesinh.vn\/index.php?rest_route=%2Fwp%2Fv2%2Fcomments&post=3330"}],"wp:featuredmedia":[{"embeddable":true,"href":"https:\/\/muanhanhthietbivesinh.vn\/index.php?rest_route=\/wp\/v2\/media\/3326"}],"wp:attachment":[{"href":"https:\/\/muanhanhthietbivesinh.vn\/index.php?rest_route=%2Fwp%2Fv2%2Fmedia&parent=3330"}],"wp:term":[{"taxonomy":"product_cat","embeddable":true,"href":"https:\/\/muanhanhthietbivesinh.vn\/index.php?rest_route=%2Fwp%2Fv2%2Fproduct_cat&post=3330"},{"taxonomy":"product_tag","embeddable":true,"href":"https:\/\/muanhanhthietbivesinh.vn\/index.php?rest_route=%2Fwp%2Fv2%2Fproduct_tag&post=3330"}],"curies":[{"name":"wp","href":"https:\/\/api.w.org\/{rel}","templated":true}]}}