{"id":3311,"date":"2022-10-18T23:44:15","date_gmt":"2022-10-18T16:44:15","guid":{"rendered":"https:\/\/muanhanhthietbivesinh.vn\/?post_type=product&#038;p=3311"},"modified":"2022-10-18T23:59:06","modified_gmt":"2022-10-18T16:59:06","slug":"3311","status":"publish","type":"product","link":"https:\/\/muanhanhthietbivesinh.vn\/?product=3311","title":{"rendered":"Ch\u1eadu R\u1eeda M\u1eb7t G\u1ed1m S\u1ee9 EVEREST EV-C\u011002"},"content":{"rendered":"<p><span style=\"font-size: 110%;\"><strong>Ch\u1eadu R\u1eeda M\u1eb7t G\u1ed1m S\u1ee9 EVEREST EV-C\u011002<\/strong><\/span><\/p>\n<p><strong>Ch\u1eadu R\u1eeda M\u1eb7t G\u1ed1m S\u1ee9 EVEEREST EV-C\u011002<\/strong>\u00a0l\u00e0m b\u1eb1ng g\u1ed1m cao c\u1ea5p, b\u1edfi b\u00e0n tay nh\u1eefng ng\u01b0\u1eddi th\u1ee3, ng\u01b0\u1eddi ngh\u1ec7 s\u0129 l\u00e0ng ngh\u1ec1 truy\u1ec1n th\u1ed1ng. C\u00f3 th\u1ec3 b\u1ea1n ch\u01b0a bi\u1ebft \u0111\u00e2y l\u00e0 s\u1ea3n ph\u1ea9m \u0111\u01b0\u1ee3c l\u00e0m m\u1ed9t c\u00e1ch th\u1ee7 c\u00f4ng 100%. Ch\u1ea5t li\u1ec7u ch\u00ednh c\u1ee7a s\u1ea3n ph\u1ea9m ch\u00ednh l\u00e0 cao lanh v\u00e0 \u0111\u1ea5t s\u00e9t tr\u1eafng tinh khi\u1ebft. \u0110\u01b0\u1ee3c \u0111\u1ecbnh h\u00ecnh v\u00e0 th\u1ed5i h\u1ed3n b\u1edfi nh\u1eefng ng\u01b0\u1eddi th\u1ee3. N\u00ean m\u1ed7i s\u1ea3n ph\u1ea9m mang tr\u00ean m\u00ecnh m\u1ed9t n\u00e9t \u0111\u1eb9p ri\u00eang bi\u1ec7t. Nh\u1edd v\u00e0o vi\u1ec7c \u201cng\u00e2m m\u00ecnh\u201d \u1edf nhi\u1ec7t \u0111\u1ed9 tr\u00ean 1200\u00b0C n\u00ean \u0111\u01b0\u1ee3c s\u1edf h\u1eefu \u0111\u1ed9 b\u1ec1n cao. T\u00ednh th\u1ea9m m\u1ef9, n\u00e9t \u0111\u1eb9p ngh\u1ec7 thu\u1eadt c\u00f9ng \u0111\u1ed9 b\u1ec1n b\u1ec9 l\u00e0 minh ch\u1ee9ng cho m\u1ed9t s\u1ea3n ph\u1ea9m cao c\u1ea5p.<\/p>\n<p><img loading=\"lazy\" decoding=\"async\" src=\"https:\/\/thanhgiaphat.vn\/uploads\/source\/chau-su-my-thuat\/cd02-2.jpg\" alt=\"\" width=\"2048\" height=\"1365\" \/><\/p>\n<p>V\u1edbi \u0111\u01b0\u1eddng n\u00e9t ngh\u1ec7 thu\u1eadt, hoa v\u0103n tinh t\u1ebf.\u00a0<strong>Ch\u1eadu R\u1eeda M\u1eb7t G\u1ed1m S\u1ee9 EVEEREST EV-C\u011002<\/strong>\u00a0r\u1ea5t ph\u00f9 h\u1ee3p khi \u0111\u01b0\u1ee3c s\u1eed d\u1ee5ng \u1edf nh\u1eefng kh\u00f4ng gian nh\u01b0 resort, kh\u00e1ch s\u1ea1n, hay khu ngh\u1ec9 d\u01b0\u1ee1ng sang tr\u1ecdng. Ngo\u00e0i ra khi l\u1eafp \u0111\u1eb7t v\u00e0o kh\u00f4ng gian nh\u00e0 c\u1ed5 \u0111i\u1ec3n, s\u1ef1 tinh t\u1ebf c\u1ee7a ng\u00f4i nh\u00e0 c\u00e0ng \u0111\u01b0\u1ee3c t\u00f4 \u0111i\u1ec3m. Khi b\u1ea1n \u0111\u1eb7t ch\u1eadu s\u1ee9 ngh\u1ec7 thu\u1eadt n\u00e0y v\u00e0o b\u1ea5t k\u1ef3 ng\u00f3c ng\u00e1ch n\u00e0o trong nh\u00e0 t\u1eafm c\u1ee7a b\u1ea1n. N\u00e9t \u0111\u1eb9p c\u1ee7a s\u1ef1 tinh t\u1ebf n\u00e0y s\u1ebd t\u1ecfa ra v\u1ea7ng h\u00e0o quang ch\u00f3i l\u00f3a thu h\u00fat m\u1ecdi \u00e1nh nh\u00ecn.<\/p>\n<p><img loading=\"lazy\" decoding=\"async\" src=\"https:\/\/thanhgiaphat.vn\/uploads\/source\/chau-su-my-thuat\/cd02-1.jpg\" alt=\"\" width=\"5848\" height=\"4000\" \/><\/p>\n<p>Nh\u01b0ng khi b\u1ea1n s\u1eed d\u1ee5ng\u00a0<strong>Ch\u1eadu R\u1eeda M\u1eb7t G\u1ed1m S\u1ee9 EVEEREST EV-C\u011002<\/strong>\u00a0v\u00e0o nh\u1eefng c\u0103n h\u1ed9 c\u00f3 thi\u1ebft k\u1ebf hi\u1ec7n \u0111\u1ea1i. M\u1ed9t s\u1ef1 k\u1ebft h\u1ee3p, m\u1ed9t n\u00e9t \u0111\u1eb9p \u0111\u1ed9c l\u1ea1 c\u00f3 m\u1ed9t kh\u00f4ng hai s\u1ebd \u0111\u01b0\u1ee3c sinh ra. H\u00f2a quy\u1ec7n gi\u1eefa \u0111\u01b0\u1eddng n\u00e9t tinh t\u1ebf c\u1ee7a ch\u1eadu s\u1ee9 m\u1ef9 thu\u1eadt. C\u00f9ng v\u1edbi s\u1ef1 tr\u1ebb trung, t\u1ed1i gi\u1ea3n c\u1ee7a nh\u00e0 t\u1eafm hi\u1ec7n \u0111\u1ea1i. Hai phong c\u00e1ch tuy kh\u00f4ng \u0111i\u1ec3m t\u01b0\u01a1ng \u0111\u1ed3ng k\u1ebft h\u1ee3p c\u00f9ng nhau l\u1ea1i t\u1ea1o n\u00ean m\u1ed9t ki\u1ec7t t\u00e1c ngh\u1ec7 thu\u1eadt.<\/p>\n<p><img loading=\"lazy\" decoding=\"async\" src=\"https:\/\/thanhgiaphat.vn\/uploads\/source\/chau-su-my-thuat\/cd01-7.jpg\" alt=\"\" width=\"750\" height=\"560\" \/><\/p>\n<p><strong>NPP NGUY\u00caN PH\u00c1T HOME<\/strong><\/p>\n<p>\u0110\u1ecba ch\u1ec9 : H\u1ebbm 216\/3 L\u00ea V\u0103n Qu\u1edbi, p. BHH A, Q. B\u00ecnh T\u00e2n<\/p>\n<p>S\u0110T: 0938.028.468<\/p>\n<p>website :\u00a0<a href=\"https:\/\/muanhanhthietbivesinh.vn\/?product=lavabo-su-dat-ban-eve-l6024\">muanhanhthietbivesinh.vn<\/a><\/p>\n<p>Email : nguyenphathome@gmail.com<\/p>\n<p>&nbsp;<\/p>\n","protected":false},"excerpt":{"rendered":"<h1 class=\"title-head\"><span style=\"color: #ed1c24; font-size: 75%;\"><strong><span class=\"name\">Gi\u00e1 \u01b0u \u0111\u00e3i :\u00a0<\/span><span id=\"product-detail-price\">Li\u00ean h\u1ec7<\/span><\/strong><\/span><\/h1>\n<div class=\"description\">\n<h3>M\u00f4 t\u1ea3 s\u1ea3n ph\u1ea9m<\/h3>\n<p>Th\u01b0\u01a1ng hi\u1ec7u: EVEREST<\/p>\n<p>M\u00e3: EV-C\u011002<\/p>\n<p>Lo\u1ea1i: Ch\u1eadu lavabo \u0111\u1eb7t b\u00e0n<\/p>\n<p>K\u00edch th\u01b0\u1edbc: 410 x 410 x 150mm<\/p>\n<p>Ch\u1ea5t li\u1ec7u: G\u1ed1m s\u1ee9 cao c\u1ea5p<\/p>\n<p>B\u1ea3o h\u00e0nh: 05 n\u0103m<\/p>\n<p><span style=\"color: #ed1c24;\"><b>Li\u00ean h\u1ec7 v\u1edbi ch\u00fang t\u00f4i \u0111\u1ec3 bi\u1ebft th\u00eam th\u00f4ng tin v\u00e0 gi\u00e1 s\u1ea3n ph\u1ea9m<\/b><\/span><\/p>\n<\/div>\n","protected":false},"featured_media":3313,"comment_status":"open","ping_status":"closed","template":"","meta":[],"product_cat":[188],"product_tag":[217,236,237,96,235],"_links":{"self":[{"href":"https:\/\/muanhanhthietbivesinh.vn\/index.php?rest_route=\/wp\/v2\/product\/3311"}],"collection":[{"href":"https:\/\/muanhanhthietbivesinh.vn\/index.php?rest_route=\/wp\/v2\/product"}],"about":[{"href":"https:\/\/muanhanhthietbivesinh.vn\/index.php?rest_route=\/wp\/v2\/types\/product"}],"replies":[{"embeddable":true,"href":"https:\/\/muanhanhthietbivesinh.vn\/index.php?rest_route=%2Fwp%2Fv2%2Fcomments&post=3311"}],"wp:featuredmedia":[{"embeddable":true,"href":"https:\/\/muanhanhthietbivesinh.vn\/index.php?rest_route=\/wp\/v2\/media\/3313"}],"wp:attachment":[{"href":"https:\/\/muanhanhthietbivesinh.vn\/index.php?rest_route=%2Fwp%2Fv2%2Fmedia&parent=3311"}],"wp:term":[{"taxonomy":"product_cat","embeddable":true,"href":"https:\/\/muanhanhthietbivesinh.vn\/index.php?rest_route=%2Fwp%2Fv2%2Fproduct_cat&post=3311"},{"taxonomy":"product_tag","embeddable":true,"href":"https:\/\/muanhanhthietbivesinh.vn\/index.php?rest_route=%2Fwp%2Fv2%2Fproduct_tag&post=3311"}],"curies":[{"name":"wp","href":"https:\/\/api.w.org\/{rel}","templated":true}]}}