{"id":3290,"date":"2022-10-18T22:37:47","date_gmt":"2022-10-18T15:37:47","guid":{"rendered":"https:\/\/muanhanhthietbivesinh.vn\/?post_type=product&#038;p=3290"},"modified":"2022-10-18T22:37:47","modified_gmt":"2022-10-18T15:37:47","slug":"chau-rua-chen-inox-304-gmcr103","status":"publish","type":"product","link":"https:\/\/muanhanhthietbivesinh.vn\/?product=chau-rua-chen-inox-304-gmcr103","title":{"rendered":"Ch\u1eadu R\u1eeda Ch\u00e9n Inox 304 &#8211; GMCR103"},"content":{"rendered":"<div class=\"woocommerce-tabs wc-tabs-wrapper container tabbed-content\">\n<div class=\"tab-panels\">\n<div id=\"tab-description\" class=\"woocommerce-Tabs-panel woocommerce-Tabs-panel--description panel entry-content active\" role=\"tabpanel\" aria-labelledby=\"tab-title-description\">\n<table>\n<tbody>\n<tr>\n<td><strong>TH\u01af\u01a0NG HI\u1ec6U\/MODEL<\/strong><\/td>\n<td>GAMA<\/td>\n<\/tr>\n<tr>\n<td><strong>XU\u1ea4T X\u1ee8<\/strong><\/td>\n<td>Vi\u1ec7t Nam<\/td>\n<\/tr>\n<tr>\n<td><strong>PH\u00c2N LO\u1ea0I NG\u00c0NH H\u00c0NG<\/strong><\/td>\n<td><a href=\"http:\/\/muanhanhthietbivesinh.vn\/\">Ch\u1eadu r\u1eeda ch\u00e9n inox 304<\/a><\/td>\n<\/tr>\n<tr>\n<td><strong>T\u00cdNH N\u0102NG N\u1ed4I B\u1eacT<\/strong><\/td>\n<td>\n<ul>\n<li>Ch\u1eadu r\u1eeda ch\u00e9n 2 h\u1ed9c \u0111\u00fac nguy\u00ean kh\u1ed1i<\/li>\n<li>Ch\u1ea5t li\u1ec7u<strong>\u00a0Inox 304(100%)<\/strong><\/li>\n<li>B\u1ed9 x\u1ea3 ng\u0103n m\u00f9i hi\u1ec7u qu\u1ea3<\/li>\n<li>Th\u00e0nh ch\u1eadu d\u00e0y 3,5 mm<\/li>\n<li>Ch\u1ee9c n\u0103ng ch\u1ed1ng tr\u00e0n, ch\u1ed1ng \u1ed3n xung quanh.<\/li>\n<\/ul>\n<\/td>\n<\/tr>\n<tr>\n<td><strong>K\u00cdCH TH\u01af\u1edaC S\u1ea2N PH\u1ea8M<\/strong><\/td>\n<td>820R x 450S x 230C mm<\/td>\n<\/tr>\n<tr>\n<td><strong>K\u00cdCH TH\u01af\u1edaC KHO\u00c9T \u0110\u00c1<\/strong><\/td>\n<td>790R x 420S mm<\/td>\n<\/tr>\n<tr>\n<td><strong>B\u1ea2O H\u00c0NH<\/strong><\/td>\n<td>\u00a05 n\u0103m ch\u00ednh h\u00e3ng<\/td>\n<\/tr>\n<\/tbody>\n<\/table>\n<div class=\"woocommerce-tabs wc-tabs-wrapper container tabbed-content\">\n<div class=\"tab-panels\">\n<div id=\"tab-description\" class=\"woocommerce-Tabs-panel woocommerce-Tabs-panel--description panel entry-content active\" role=\"tabpanel\" aria-labelledby=\"tab-title-description\">\n<h2><strong>V\u00f2i v\u00e0\u00a0<a href=\"http:\/\/muanhanhthietbivesinh.vn\/\">ch\u1eadu r\u1eeda ch\u00e9n inox 304<\/a><\/strong>\u00a0l\u00e0 m\u1ed9t th\u00e0nh ph\u1ea7n kh\u00f4ng th\u1ec3 thi\u1ebfu trong b\u1ea5t k\u1ef3 kh\u00f4ng gian b\u1ebfp n\u00e0o. Th\u1eadt s\u1ef1 kh\u00f4ng qu\u00e1 l\u1eddi khi n\u00f3i m\u1ed9t b\u1ed9 v\u00f2i ch\u1eadu\u00a0\u0111\u1eb9p s\u1ebd\u00a0<em><strong>n\u00e2ng t\u1ea7m kh\u00f4ng gian b\u1ebfp<\/strong><\/em>. V\u00ec v\u1eady, vi\u1ec7c l\u1ef1a ch\u1ecdn \u0111\u01b0\u1ee3c m\u1ed9t b\u1ed9 v\u00f2i ch\u1eadu c\u00f3 ki\u1ec3u d\u00e1ng\u00a0<em><strong>\u0111\u1eb9p, sang tr\u1ecdng v\u00e0 ch\u1ea5t l\u01b0\u1ee3ng<\/strong><\/em>\u00a0l\u00e0 m\u1ed9t vi\u1ec7c kh\u00e1 quan tr\u1ecdng trong c\u00f4ng t\u00e1c trang tr\u00ed kh\u00f4ng gian b\u1ebfp nh\u00e0 b\u1ea1n.<\/h2>\n<h1><a href=\"http:\/\/muanhanhthietbivesinh.vn\/\">Ch\u1eadu r\u1eeda ch\u00e9n inox 304 AU-8245D<\/a><\/h1>\n<p><img loading=\"lazy\" decoding=\"async\" class=\"alignnone size-full wp-image-3291\" src=\"https:\/\/muanhanhthietbivesinh.vn\/wp-content\/uploads\/2022\/10\/CR-103-600x600-1.jpeg\" alt=\"\" width=\"600\" height=\"600\" srcset=\"https:\/\/muanhanhthietbivesinh.vn\/wp-content\/uploads\/2022\/10\/CR-103-600x600-1.jpeg 600w, https:\/\/muanhanhthietbivesinh.vn\/wp-content\/uploads\/2022\/10\/CR-103-600x600-1-300x300.jpeg 300w, https:\/\/muanhanhthietbivesinh.vn\/wp-content\/uploads\/2022\/10\/CR-103-600x600-1-150x150.jpeg 150w, https:\/\/muanhanhthietbivesinh.vn\/wp-content\/uploads\/2022\/10\/CR-103-600x600-1-510x510.jpeg 510w, https:\/\/muanhanhthietbivesinh.vn\/wp-content\/uploads\/2022\/10\/CR-103-600x600-1-100x100.jpeg 100w\" sizes=\"(max-width: 600px) 100vw, 600px\" \/><\/p>\n<p><a href=\"http:\/\/muanhanhthietbivesinh.vn\/\"><strong>Ch\u1eadu r\u1eeda ch\u00e9n inox 304<\/strong>\u00a0 AU-8245D<\/a>\u00a0\u0111\u00fac nguy\u00ean kh\u1ed1i c\u00f3 ki\u1ec3u d\u00e1ng sang tr\u1ecdng, thi\u1ebft k\u1ebf m\u01b0\u1ee3t m\u00e0, chi ti\u1ebft tinh x\u1ea3o k\u1ebft h\u1ee3p v\u1edbi ch\u1ea5t li\u1ec7u Inox 304 gi\u00fap b\u1ec1 m\u1eb7t s\u00e1ng b\u00f3ng.<\/p>\n<p><strong>Ch\u1eadu c\u00f3 k\u00edch th\u01b0\u1edbc<\/strong>\u00a0820 x 450 mm, chi\u1ec1u s\u00e2u l\u00f2ng ch\u1eadu 230 mm, \u0111\u1ed9 d\u00e0y th\u00e0nh ch\u1eadu 3,5 mm. Thi\u1ebft k\u1ebf 02 h\u1ed9c r\u1ed9ng r\u00e3i d\u1ec5 d\u00e0ng s\u1eed d\u1ee5ng. \u0110\u00e1y ch\u1eadu c\u00f2n thi\u1ebft k\u1ebf\u00a0<strong>tr\u00e1nh ng\u01b0ng t\u1ee5 n\u01b0\u1edbc<\/strong>, kh\u00f4ng \u0111\u1ecdng n\u01b0\u1edbc gi\u00fap tho\u1ea3i m\u00e1i trong c\u00f4ng t\u00e1c d\u1ecdn r\u1eeda.<\/p>\n<p>&nbsp;<\/p>\n<p><strong>Ch\u1eadu r\u1eeda ch\u00e9n c\u00f3 b\u1ed9 x\u1ea3\u00a0<\/strong>cao c\u1ea5p, ch\u1ed1ng ng\u0103n m\u00f9i v\u00e0 ch\u1ed1ng tr\u00e0n c\u1ef1c k\u1ef3 hi\u1ec7u qu\u1ea3.<\/p>\n<h3><strong>T\u01af V\u1ea4N CH\u1eccN CH\u1eacU R\u1eecA CH\u00c9N<\/strong><\/h3>\n<p>Hi\u1ec7n nay,\u00a0<strong>Ch\u1eadu R\u1eeda Ch\u00e9n<\/strong>\u00a0v\u1edbi ch\u1ea5t li\u1ec7u<strong>\u00a0Inox 304 v\u00e0 \u0111\u01b0\u1ee3c \u0110\u00fac Nguy\u00ean Kh\u1ed1i<\/strong>\u00a0l\u00e0 l\u1ef1a ch\u1ecdn t\u1ed1i \u01b0u v\u00ec ki\u1ec3u d\u00e1ng thi\u1ebft k\u1ebf sang tr\u1ecdng v\u00e0 ch\u1ea5t l\u01b0\u1ee3ng b\u1ec1n b\u1ec9 theo th\u1eddi gian<\/p>\n<p><strong>NPP NGUY\u00caN PH\u00c1T HOME<\/strong><\/p>\n<p>\u0110\u1ecba ch\u1ec9 : H\u1ebbm 216\/3 L\u00ea V\u0103n Qu\u1edbi, p. BHH A, Q. B\u00ecnh T\u00e2n<\/p>\n<p>S\u0110T: 0938.028.468<\/p>\n<p>website :\u00a0<a href=\"https:\/\/muanhanhthietbivesinh.vn\/?product=lavabo-su-dat-ban-eve-l6024\">muanhanhthietbivesinh.vn<\/a><\/p>\n<p>Email : nguyenphathome@gmail.com<\/p>\n<\/div>\n<\/div>\n<\/div>\n<\/div>\n<\/div>\n<\/div>\n<div class=\"related related-products-wrapper product-section\"><\/div>\n","protected":false},"excerpt":{"rendered":"<div class=\"title-product\">\n<h1>Ch\u1eadu R\u1eeda Ch\u00e9n Inox 304 \u2013 GMCR103<\/h1>\n<\/div>\n<div class=\"product-label\">\n<div class=\"product_page_price price\"><span style=\"color: #ed1c24;\"><strong><span class=\"price-new\"><span id=\"price-old\">Gi\u00e1 : Li\u00ean H\u1ec7<\/span><\/span><\/strong><\/span><\/div>\n<div><\/div>\n<\/div>\n<div class=\"product-box-desc\">\n<div class=\"brand\">Th\u01b0\u01a1ng hi\u1ec7u:<a href=\"http:\/\/muanhanhthietbivesinh.vn\/\">GAMA<\/a><\/div>\n<div><\/div>\n<div class=\"model\">M\u00e3 s\u1ea3n ph\u1ea9m:\u00a0GMCR103<\/div>\n<\/div>\n<div class=\"short_description form-group\">\n<h4><b>M\u00e3 S\u1ea3n Ph\u1ea9m: GMCR103.<\/b><\/h4>\n<p>Ch\u1ea5t Li\u1ec7u :\u00a0<a href=\"http:\/\/muanhanhthietbivesinh.vn\/\">Inox 304<\/a><\/p>\n<h4>K\u00edch th\u01b0\u1edbc: 820 x 450 mm.<b><br \/>\n<\/b><\/h4>\n<p><span style=\"color: #ed1c24;\"><b>Li\u00ean h\u1ec7 v\u1edbi ch\u00fang t\u00f4i \u0111\u1ec3 bi\u1ebft th\u00eam th\u00f4ng tin v\u00e0 gi\u00e1 s\u1ea3n ph\u1ea9m<\/b><\/span><\/p>\n<\/div>\n","protected":false},"featured_media":3291,"comment_status":"open","ping_status":"closed","template":"","meta":[],"product_cat":[201],"product_tag":[],"_links":{"self":[{"href":"https:\/\/muanhanhthietbivesinh.vn\/index.php?rest_route=\/wp\/v2\/product\/3290"}],"collection":[{"href":"https:\/\/muanhanhthietbivesinh.vn\/index.php?rest_route=\/wp\/v2\/product"}],"about":[{"href":"https:\/\/muanhanhthietbivesinh.vn\/index.php?rest_route=\/wp\/v2\/types\/product"}],"replies":[{"embeddable":true,"href":"https:\/\/muanhanhthietbivesinh.vn\/index.php?rest_route=%2Fwp%2Fv2%2Fcomments&post=3290"}],"wp:featuredmedia":[{"embeddable":true,"href":"https:\/\/muanhanhthietbivesinh.vn\/index.php?rest_route=\/wp\/v2\/media\/3291"}],"wp:attachment":[{"href":"https:\/\/muanhanhthietbivesinh.vn\/index.php?rest_route=%2Fwp%2Fv2%2Fmedia&parent=3290"}],"wp:term":[{"taxonomy":"product_cat","embeddable":true,"href":"https:\/\/muanhanhthietbivesinh.vn\/index.php?rest_route=%2Fwp%2Fv2%2Fproduct_cat&post=3290"},{"taxonomy":"product_tag","embeddable":true,"href":"https:\/\/muanhanhthietbivesinh.vn\/index.php?rest_route=%2Fwp%2Fv2%2Fproduct_tag&post=3290"}],"curies":[{"name":"wp","href":"https:\/\/api.w.org\/{rel}","templated":true}]}}