{"id":3254,"date":"2022-10-16T23:52:04","date_gmt":"2022-10-16T16:52:04","guid":{"rendered":"https:\/\/muanhanhthietbivesinh.vn\/?post_type=product&#038;p=3254"},"modified":"2022-10-16T23:52:04","modified_gmt":"2022-10-16T16:52:04","slug":"sen-cay-dong-cao-cap-gmd005","status":"publish","type":"product","link":"https:\/\/muanhanhthietbivesinh.vn\/?product=sen-cay-dong-cao-cap-gmd005","title":{"rendered":"Sen C\u00e2y \u0110\u1ed3ng Cao C\u1ea5p &#8211; GMD005"},"content":{"rendered":"<h1>Sen C\u00e2y \u0110\u1ed3ng Cao C\u1ea5p &#8211; GMD005<\/h1>\n<p><strong>Sen C\u00e2y \u0110\u1ed3ng Cao C\u1ea5p GMD005<\/strong>\u00a0l\u00e0 s\u1ea3n ph\u1ea9m ch\u1ea5t l\u01b0\u1ee3ng \u0111\u01b0\u1ee3c s\u1ea3n xu\u1ea5t trong m\u1ed9t quy tr\u00ecnh s\u1ea3n xu\u1ea5t hi\u1ec7n \u0111\u1ea1i. \u0110\u1ed3ng \u0111\u01b0\u1ee3c \u0111un n\u00f3ng ch\u1ea3y \u1edf &gt; 900\u00b0C\u00a0gia c\u00f4ng m\u1ed9t c\u00e1ch tinh t\u1ebf v\u00e0 t\u1ec9 m\u1ec9<\/p>\n<p>V\u1edbi nh\u1eefng t\u00ednh t\u00ednh n\u0103ng nh\u01b0 v\u00f2i n\u01b0\u1edbc x\u1ea3 x\u00f4, sen c\u1eb1m tay, sen t\u1eafm m\u01b0a. Sen t\u1eafm b\u1eb1ng \u0111\u1ed3ng \u0111\u01b0\u1ee3c trang b\u1ecb 2 lu\u1ed3ng d\u1eabn n\u01b0\u1edbc n\u00f3ng l\u1ea1nh ri\u00eang bi\u1ec7t. T\u00ednh n\u0103ng \u0111\u00f3ng m\u1edf v\u00f2i n\u01b0\u1edbc v\u1edbi thao t\u00e1c t\u00f9y ch\u1ec9nh nh\u1eb9 nh\u00e0ng ph\u00f9 h\u1ee3p. Thi\u1ebft k\u1ebf nh\u1ecf g\u1ecdn ph\u00f9 h\u1ee3p v\u1edbi m\u1ecdi kh\u00f4ng gian nh\u00e0 t\u1eafm.<\/p>\n<p><img loading=\"lazy\" decoding=\"async\" class=\"alignnone size-full wp-image-3255\" src=\"https:\/\/muanhanhthietbivesinh.vn\/wp-content\/uploads\/2022\/10\/GMD005-600x600-1.jpeg\" alt=\"\" width=\"600\" height=\"600\" srcset=\"https:\/\/muanhanhthietbivesinh.vn\/wp-content\/uploads\/2022\/10\/GMD005-600x600-1.jpeg 600w, https:\/\/muanhanhthietbivesinh.vn\/wp-content\/uploads\/2022\/10\/GMD005-600x600-1-300x300.jpeg 300w, https:\/\/muanhanhthietbivesinh.vn\/wp-content\/uploads\/2022\/10\/GMD005-600x600-1-150x150.jpeg 150w, https:\/\/muanhanhthietbivesinh.vn\/wp-content\/uploads\/2022\/10\/GMD005-600x600-1-510x510.jpeg 510w, https:\/\/muanhanhthietbivesinh.vn\/wp-content\/uploads\/2022\/10\/GMD005-600x600-1-100x100.jpeg 100w\" sizes=\"(max-width: 600px) 100vw, 600px\" \/><\/p>\n<p>* L\u01b0u \u00fd:<\/p>\n<p>\u2013 K\u00edch th\u01b0\u1edbc v\u00e0 tr\u1ecdng l\u01b0\u1ee3ng \u0111\u01b0\u1ee3c \u0111o b\u1eb1ng th\u1ee7 c\u00f4ng n\u00ean sai s\u1ed1 nh\u01b0ng kh\u00f4ng \u0111\u00e1ng k\u1ec3.<\/p>\n<p>\u2013 Th\u01b0\u1eddng xuy\u00ean lau ch\u00f9i v\u1ec7 sinh \u0111\u1ec3 s\u1ea3n ph\u1ea9m lu\u00f4n m\u1edbi<\/p>\n<p><strong>C\u1eecA H\u00c0NG NGUY\u00caN PH\u00c1T HOME<\/strong><\/p>\n<p>\u0110\u1ecba ch\u1ec9 : H\u1ebbm 216\/3 L\u00ea V\u0103n Qu\u1edbi, p. BHH A, Q. B\u00ecnh T\u00e2n<\/p>\n<p>S\u0110T: 0938.028.468<\/p>\n<p>website :\u00a0<a href=\"https:\/\/muanhanhthietbivesinh.vn\/?product=lavabo-su-dat-ban-eve-l6024\">muanhanhthietbivesinh.vn<\/a><\/p>\n<p>Email : nguyenphathome@gmail.com<\/p>\n<p>&nbsp;<\/p>\n","protected":false},"excerpt":{"rendered":"<h3><span style=\"color: #000000;\"><strong>M\u00f4 t\u1ea3 s\u1ea3n ph\u1ea9m<\/strong><\/span><\/h3>\n<p><span style=\"color: #ed1c24;\"><strong>GI\u00c1 : LI\u00caN H\u1ec6<\/strong><\/span><\/p>\n<p><span style=\"color: #000000;\">Th\u01b0\u01a1ng Hi\u1ec7u : Gama<\/span><\/p>\n<p><span style=\"color: #000000;\">Sen c\u00e2y t\u1eafm \u0111\u1ee9ng \u0111\u1ed3ng m\u1ea1\u00a0, sang tr\u1ecdng<\/span><\/p>\n<p><span style=\"color: #000000;\">Ch\u1ea5t li\u1ec7u: \u0110\u1ed3ng thau \u0111\u1ed9c \u0111\u00e1o<\/span><\/p>\n<p><span style=\"color: #000000;\">B\u1ed9 tr\u1ed9n, h\u00f2a n\u01b0\u1edbc, \u0111\u00f3ng m\u1edf, b\u1eb1ng \u00a0(ceramic), b\u1ec1n b\u1ec9<\/span><\/p>\n<p><span style=\"color: #000000;\">Ki\u1ec3u van m\u1edf n\u01b0\u1edbc n\u00f3ng l\u1ea1nh tay g\u1ea1t g\u1eadt g\u00f9<\/span><\/p>\n<p><span style=\"color: #000000;\">Tr\u1ecdng l\u01b0\u1ee3ng kho\u1ea3ng: xx (kg)\/chi\u1ebfc<\/span><\/p>\n<p><span style=\"color: #ed1c24;\"><strong>li\u00ean h\u1ec7 v\u1edbi ch\u00fang t\u00f4i \u0111\u1ec3 bi\u1ebft r\u00f5 h\u01a1n v\u1ec1 th\u00f4ng tin s\u1ea3n ph\u1ea9m<\/strong><\/span><\/p>\n<p><span style=\"color: #ed1c24;\"><strong><em>L\u01afU \u00dd : LI\u00caN H\u1ec6 TR\u1ef0C TI\u1ebeP \u0110\u1ec2 \u0110\u01af\u1ee2C H\u1ed6 TR\u1ee2 T\u01af V\u1ea4N V\u00c0 CH\u00cdNH S\u00c1CH GI\u00c1 T\u1ed0T NH\u1ea4T<\/em><\/strong><\/span><\/p>\n","protected":false},"featured_media":3255,"comment_status":"open","ping_status":"closed","template":"","meta":[],"product_cat":[239],"product_tag":[244,241],"_links":{"self":[{"href":"https:\/\/muanhanhthietbivesinh.vn\/index.php?rest_route=\/wp\/v2\/product\/3254"}],"collection":[{"href":"https:\/\/muanhanhthietbivesinh.vn\/index.php?rest_route=\/wp\/v2\/product"}],"about":[{"href":"https:\/\/muanhanhthietbivesinh.vn\/index.php?rest_route=\/wp\/v2\/types\/product"}],"replies":[{"embeddable":true,"href":"https:\/\/muanhanhthietbivesinh.vn\/index.php?rest_route=%2Fwp%2Fv2%2Fcomments&post=3254"}],"wp:featuredmedia":[{"embeddable":true,"href":"https:\/\/muanhanhthietbivesinh.vn\/index.php?rest_route=\/wp\/v2\/media\/3255"}],"wp:attachment":[{"href":"https:\/\/muanhanhthietbivesinh.vn\/index.php?rest_route=%2Fwp%2Fv2%2Fmedia&parent=3254"}],"wp:term":[{"taxonomy":"product_cat","embeddable":true,"href":"https:\/\/muanhanhthietbivesinh.vn\/index.php?rest_route=%2Fwp%2Fv2%2Fproduct_cat&post=3254"},{"taxonomy":"product_tag","embeddable":true,"href":"https:\/\/muanhanhthietbivesinh.vn\/index.php?rest_route=%2Fwp%2Fv2%2Fproduct_tag&post=3254"}],"curies":[{"name":"wp","href":"https:\/\/api.w.org\/{rel}","templated":true}]}}