{"id":3244,"date":"2022-10-13T00:36:12","date_gmt":"2022-10-12T17:36:12","guid":{"rendered":"https:\/\/muanhanhthietbivesinh.vn\/?post_type=product&#038;p=3244"},"modified":"2022-10-13T00:42:51","modified_gmt":"2022-10-12T17:42:51","slug":"sen-tam-dong-co-dien-ev-1101","status":"publish","type":"product","link":"https:\/\/muanhanhthietbivesinh.vn\/?product=sen-tam-dong-co-dien-ev-1101","title":{"rendered":"Sen T\u1eafm \u0110\u1ed3ng C\u1ed5 \u0110i\u1ec3n EV-1101"},"content":{"rendered":"<p><strong>SEN C\u00c2Y B\u1eb0NG \u0110\u1ed2NG EVEREST EV-1101<\/strong><\/p>\n<p><strong>Sen t\u1eafm b\u1eb1ng \u0111\u1ed3ng thau EV-1101<\/strong>\u00a0l\u00e0 s\u1ea3n ph\u1ea9m ch\u1ea5t l\u01b0\u1ee3ng \u0111\u01b0\u1ee3c s\u1ea3n xu\u1ea5t trong m\u1ed9t quy tr\u00ecnh s\u1ea3n xu\u1ea5t hi\u1ec7n \u0111\u1ea1i. \u0110\u1ed3ng \u0111\u01b0\u1ee3c \u0111un n\u00f3ng ch\u1ea3y \u1edf &gt; 900\u00b0C\u00a0gia c\u00f4ng m\u1ed9t c\u00e1ch tinh t\u1ebf v\u00e0 t\u1ec9 m\u1ec9.<\/p>\n<p><img loading=\"lazy\" decoding=\"async\" src=\"https:\/\/thanhgiaphat.vn\/uploads\/source\/nhom-dong-co\/1101(tn)-1.jpg\" alt=\"\" width=\"3447\" height=\"5734\" \/><\/p>\n<p><img loading=\"lazy\" decoding=\"async\" src=\"https:\/\/thanhgiaphat.vn\/uploads\/source\/nhom-dong-co\/1101(tn)-2.jpg\" alt=\"\" width=\"5700\" height=\"4000\" \/><\/p>\n<p>V\u1edbi nh\u1eefng t\u00ednh t\u00ednh n\u0103ng nh\u01b0 v\u00f2i n\u01b0\u1edbc x\u1ea3 x\u00f4, sen c\u1eb1m tay, sen t\u1eafm m\u01b0a. Sen t\u1eafm b\u1eb1ng \u0111\u1ed3ng \u0111\u01b0\u1ee3c trang b\u1ecb 2 lu\u1ed3ng d\u1eabn n\u01b0\u1edbc n\u00f3ng l\u1ea1nh ri\u00eang bi\u1ec7t. T\u00ednh n\u0103ng \u0111\u00f3ng m\u1edf v\u00f2i n\u01b0\u1edbc v\u1edbi thao t\u00e1c t\u00f9y ch\u1ec9nh nh\u1eb9 nh\u00e0ng ph\u00f9 h\u1ee3p. Thi\u1ebft k\u1ebf nh\u1ecf g\u1ecdn ph\u00f9 h\u1ee3p v\u1edbi m\u1ecdi kh\u00f4ng gian nh\u00e0 t\u1eafm.<\/p>\n<p><img loading=\"lazy\" decoding=\"async\" src=\"https:\/\/thanhgiaphat.vn\/uploads\/source\/nhom-dong-co\/1101-1.jpg\" alt=\"\" width=\"4000\" height=\"6000\" \/><\/p>\n<p><strong>Sen t\u1eafm \u0111\u1ed3ng thau EV-1101<\/strong>\u00a0l\u1ea5y c\u1ea3m h\u1ee9ng v\u00e0 \u0111\u1ecbnh h\u00ecnh v\u00e0 thi\u1ebft k\u1ebf theo phong c\u00e1ch ngh\u1ec7 thu\u1eadt \u0111\u01b0\u01a1ng \u0111\u1ea1i. V\u1edbi nh\u1eefng \u0111\u01b0\u1eddng n\u00e9t c\u1ed5 \u0111i\u1ec3n mang \u0111\u1eadm m\u00e0u s\u1eafc c\u1ed5 \u0111i\u1ec3n cho ch\u00fang ta c\u1ea3m ngh\u0129 v\u1ec1 n\u01b0\u1edbc Ph\u00e1p th\u01a1 m\u1ed9ng. V\u1edbi nh\u1eefng h\u1ecda ti\u1ebft mang \u0111\u1eadm n\u00e9t ngh\u1ec7 thu\u1eadt \u0111\u01b0\u1ee3c thi\u1ebft k\u1ebf m\u1ed9t c\u00e1ch c\u1ea7u k\u1ef3 v\u00e0 c\u1ea9n th\u1eadn th\u1ec3 hi\u1ec7n phong c\u00e1ch \u0111\u1ed9c \u0111\u00e1o ri\u00eang bi\u1ec7t. Ph\u00f9 h\u1ee3p v\u1edbi nh\u1eefng ng\u00f4i nh\u00e0 c\u00f3 kh\u00f4ng gian thi\u1ebft k\u1ebf ho\u00e0i ni\u1ec7m, x\u01b0a c\u0169 ho\u1eb7c thi\u00ean nhi\u00ean s\u00e2n v\u01b0\u1eddn.<\/p>\n<p><img loading=\"lazy\" decoding=\"async\" src=\"https:\/\/thanhgiaphat.vn\/uploads\/source\/nhom-dong-co\/1101-8.jpg\" alt=\"\" width=\"3500\" height=\"2500\" \/><\/p>\n<p>V\u1edbi thi\u1ebft k\u1ebf c\u1ed5 \u0111i\u1ec3n l\u00e0 \u0111i\u1ec3m nh\u1ea5n cho v\u00f2i sen th\u00eam ph\u1ea7n sang tr\u1ecdng v\u00e0 tinh t\u1ebf. \u0110\u1ed9 b\u1ec1n c\u1ee7a s\u1ea3n ph\u1ea9m l\u1ea1i l\u00e0 \u0111i\u1ec3m c\u1ed9ng l\u1edbn nh\u1ea5t m\u00e0 s\u1ea3n ph\u1ea9m n\u00e0y \u0111ang s\u1edf h\u1eefu. Ch\u1ea5t li\u1ec7u b\u1eb1ng \u0111\u1ed3ng thau n\u00ean r\u1ea5t d\u1ebbo ch\u1ecbu \u0111\u01b0\u1ee3c \u00e1p l\u1ef1c cao v\u00e0 kh\u00f4ng b\u1ecb hao m\u00f2n theo th\u1eddi gian.<\/p>\n<p><img loading=\"lazy\" decoding=\"async\" src=\"https:\/\/thanhgiaphat.vn\/uploads\/source\/nhom-dong-co\/1101-5.jpg\" alt=\"\" width=\"5168\" height=\"4000\" \/><\/p>\n<p>B\u00ean c\u1ea1nh \u0111\u00f3 s\u1ea3n ph\u1ea9m \u0111\u01b0\u1ee3c thi\u1ebft k\u1ebf b\u1edfi nh\u1eefng ng\u01b0\u1eddi th\u1ee3 \u201cl\u00e0nh ngh\u1ec1\u201d \u0111\u1ea3m b\u1ea3o v\u1ec1 uy t\u00edn, ch\u1ea5t l\u01b0\u1ee3ng \u0111ang s\u1edf h\u1eefu.<\/p>\n<p>Ngo\u00e0i ra \u0111\u1ed3ng c\u00f3 \u0111\u1ed9 ph\u1ea3n chi\u1ebfu \u00e1nh s\u00e1ng v\u1eeba ph\u1ea3i, tinh t\u1ebf. Kh\u00f4ng qu\u00e1 ch\u00f3i m\u1eaft ho\u1eb7c qu\u00e1 \u0111\u1eb1m m\u00e0u cho ng\u01b0\u1eddi s\u1eed d\u1ee5ng. Khi\u1ebfn cho m\u00e0u \u0111\u1ed3ng \u0111\u01b0\u1ee3c \u201cmi\u00eau t\u1ea3\u201d m\u1ed9t c\u00e1ch sang tr\u1ecdng nh\u01b0ng c\u0169ng \u0111\u1ea7y b\u00ed \u1ea9n nh\u01b0ng l\u1ea1i kh\u00f4ng h\u1ec1 l\u1ed7i th\u1eddi.<\/p>\n<p><img loading=\"lazy\" decoding=\"async\" src=\"https:\/\/thanhgiaphat.vn\/uploads\/source\/nhom-dong-co\/1101-6.jpg\" alt=\"\" width=\"5719\" height=\"3804\" \/><\/p>\n<p>* L\u01b0u \u00fd:<\/p>\n<p>&#8211; K\u00edch th\u01b0\u1edbc v\u00e0 tr\u1ecdng l\u01b0\u1ee3ng \u0111\u01b0\u1ee3c \u0111o b\u1eb1ng th\u1ee7 c\u00f4ng n\u00ean sai s\u1ed1 nh\u01b0ng kh\u00f4ng \u0111\u00e1ng k\u1ec3.<\/p>\n<p>&#8211; Th\u01b0\u1eddng xuy\u00ean lau ch\u00f9i v\u1ec7 sinh \u0111\u1ec3 s\u1ea3n ph\u1ea9m lu\u00f4n m\u1edbi<\/p>\n<p><strong>C\u1eecA H\u00c0NG NGUY\u00caN PH\u00c1T HOME<\/strong><\/p>\n<p>\u0110\u1ecba ch\u1ec9 : H\u1ebbm 216\/3 L\u00ea V\u0103n Qu\u1edbi, p. BHH A, Q. B\u00ecnh T\u00e2n<\/p>\n<p>S\u0110T: 0938.028.468<\/p>\n<p>website :\u00a0<a href=\"https:\/\/muanhanhthietbivesinh.vn\/?product=lavabo-su-dat-ban-eve-l6024\">muanhanhthietbivesinh.vn<\/a><\/p>\n<p>Email : nguyenphathome@gmail.com<\/p>\n<p>&nbsp;<\/p>\n","protected":false},"excerpt":{"rendered":"<h3><strong>M\u00f4 t\u1ea3 s\u1ea3n ph\u1ea9m<\/strong><\/h3>\n<p><span style=\"color: #000000;\">Sen c\u00e2y t\u1eafm \u0111\u1ee9ng c\u1ed5 \u0111i\u1ec3n, sang tr\u1ecdng<\/span><\/p>\n<p><span style=\"color: #000000;\">Ch\u1ea5t li\u1ec7u: \u0110\u1ed3ng thau \u0111\u1ed9c \u0111\u00e1o<\/span><\/p>\n<p><span style=\"color: #000000;\">B\u1ed9 tr\u1ed9n, h\u00f2a n\u01b0\u1edbc, \u0111\u00f3ng m\u1edf, b\u1eb1ng s\u1ee9 (ceramic), b\u1ec1n b\u1ec9<\/span><\/p>\n<p><span style=\"color: #000000;\">Ki\u1ec3u van m\u1edf n\u01b0\u1edbc n\u00f3ng l\u1ea1nh tay g\u1ea1t g\u1eadt g\u00f9<\/span><\/p>\n<p><span style=\"color: #000000;\">Tr\u1ecdng l\u01b0\u1ee3ng kho\u1ea3ng: xx (kg)\/chi\u1ebfc<\/span><\/p>\n<p>&nbsp;<\/p>\n","protected":false},"featured_media":3245,"comment_status":"open","ping_status":"closed","template":"","meta":[],"product_cat":[59,238],"product_tag":[],"_links":{"self":[{"href":"https:\/\/muanhanhthietbivesinh.vn\/index.php?rest_route=\/wp\/v2\/product\/3244"}],"collection":[{"href":"https:\/\/muanhanhthietbivesinh.vn\/index.php?rest_route=\/wp\/v2\/product"}],"about":[{"href":"https:\/\/muanhanhthietbivesinh.vn\/index.php?rest_route=\/wp\/v2\/types\/product"}],"replies":[{"embeddable":true,"href":"https:\/\/muanhanhthietbivesinh.vn\/index.php?rest_route=%2Fwp%2Fv2%2Fcomments&post=3244"}],"wp:featuredmedia":[{"embeddable":true,"href":"https:\/\/muanhanhthietbivesinh.vn\/index.php?rest_route=\/wp\/v2\/media\/3245"}],"wp:attachment":[{"href":"https:\/\/muanhanhthietbivesinh.vn\/index.php?rest_route=%2Fwp%2Fv2%2Fmedia&parent=3244"}],"wp:term":[{"taxonomy":"product_cat","embeddable":true,"href":"https:\/\/muanhanhthietbivesinh.vn\/index.php?rest_route=%2Fwp%2Fv2%2Fproduct_cat&post=3244"},{"taxonomy":"product_tag","embeddable":true,"href":"https:\/\/muanhanhthietbivesinh.vn\/index.php?rest_route=%2Fwp%2Fv2%2Fproduct_tag&post=3244"}],"curies":[{"name":"wp","href":"https:\/\/api.w.org\/{rel}","templated":true}]}}