{"id":3110,"date":"2022-10-06T01:18:11","date_gmt":"2022-10-05T18:18:11","guid":{"rendered":"https:\/\/muanhanhthietbivesinh.vn\/?post_type=product&#038;p=3110"},"modified":"2022-10-06T23:27:51","modified_gmt":"2022-10-06T16:27:51","slug":"chau-rua-chen-da-nhan-tao-1-hoc-crcd1bd","status":"publish","type":"product","link":"https:\/\/muanhanhthietbivesinh.vn\/?product=chau-rua-chen-da-nhan-tao-1-hoc-crcd1bd","title":{"rendered":"Ch\u1eadu R\u1eeda Ch\u00e9n \u0110\u00e1 Nh\u00e2n T\u1ea1o 1 H\u1ed9c CRC\u01101B\u0110"},"content":{"rendered":"<h1 class=\"title\">Ch\u1eadu r\u1eeda ch\u00e9n \u0111\u00e1 nh\u00e2n t\u1ea1o CRCD1B\u0110<\/h1>\n<div class=\"share-article\"><img loading=\"lazy\" decoding=\"async\" class=\"alignnone size-full wp-image-3111\" src=\"https:\/\/muanhanhthietbivesinh.vn\/wp-content\/uploads\/2022\/10\/161e63888ed386eaab0ba8207d9809b7_tn.jpeg\" alt=\"\" width=\"320\" height=\"320\" srcset=\"https:\/\/muanhanhthietbivesinh.vn\/wp-content\/uploads\/2022\/10\/161e63888ed386eaab0ba8207d9809b7_tn.jpeg 320w, https:\/\/muanhanhthietbivesinh.vn\/wp-content\/uploads\/2022\/10\/161e63888ed386eaab0ba8207d9809b7_tn-300x300.jpeg 300w, https:\/\/muanhanhthietbivesinh.vn\/wp-content\/uploads\/2022\/10\/161e63888ed386eaab0ba8207d9809b7_tn-150x150.jpeg 150w, https:\/\/muanhanhthietbivesinh.vn\/wp-content\/uploads\/2022\/10\/161e63888ed386eaab0ba8207d9809b7_tn-100x100.jpeg 100w\" sizes=\"(max-width: 320px) 100vw, 320px\" \/><\/div>\n<div class=\"property\"><span class=\"category\"><strong><i class=\"iconproperty fa fa-chevron-down\"><\/i>\u00a0Nh\u00f3m s\u1ea3n ph\u1ea9m<\/strong>\u00a0Ch\u1eadu r\u1eeda ch\u00e9n \u0111\u00e1 nh\u00e2n t\u1ea1o\u00a0<\/span><\/div>\n<div class=\"property\">\n<div class=\"clearfix\"><\/div>\n<div class=\"description short margin-top-20 margin-bottom-25\">\n<p class=\"fr-tag\">\u2013 Ch\u1eadu r\u1eeda ch\u00e9n ch\u1ea5t li\u1ec7u \u0111\u00e1 GRANITE nh\u00e2n t\u1ea1o<\/p>\n<p class=\"fr-tag\">\u2013 Ki\u1ec3u ch\u1eadu : 1 H\u1ed9c<\/p>\n<p class=\"fr-tag\">\u2013 M\u00e0u s\u1eafc : c\u00f3 nhi\u1ec1u m\u00e0u \u0111\u1ec3 l\u1ef1a ch\u1ecdn : \u0111en, tr\u1eafng, x\u00e1m, kem, mu\u1ed1i ti\u00eau, n\u00e2u\u2026.<\/p>\n<p class=\"fr-tag\">\u2013 Ch\u1eadu c\u00f3 k\u00e8m b\u1ed9 x\u1ea3 v\u00e0 xiphong tho\u00e1t n\u01b0\u1edbc<\/p>\n<p class=\"fr-tag\">\u2013 Giao h\u00e0ng mi\u1ec5n ph\u00ed n\u1ed9i th\u00e0nh TP HCM<\/p>\n<p class=\"fr-tag\">\u2013 Gi\u1ea3m gi\u00e1 khi mua s\u1ed1 l\u01b0\u1ee3ng l\u1edbn<\/p>\n<p class=\"fr-tag\">\u2013 Gi\u00e1 kh\u00f4ng thay \u0111\u1ed5i khi ch\u1ecdn c\u00e1c m\u00e0u s\u1eafc kh\u00e1c nhau.<\/p>\n<p class=\"fr-tag\">\u2013 Ch\u1eadu \u0111\u1eb7t tr\u01b0\u1edbc t\u1eeb 1 \u0111\u1ebfn 2 ng\u00e0y m\u1edbi s\u1ea3n xu\u1ea5t v\u00e0 giao h\u00e0ng<\/p>\n<p class=\"fr-tag\">\u2013 Ch\u00fang t\u00f4i cam k\u1ebft lu\u00f4n lu\u00f4n b\u00e1n h\u00e0ng ch\u00ednh h\u00e3ng do <a href=\"https:\/\/muanhanhthietbivesinh.vn\/?product=chau-rua-chen-da-nhan-tao-1-hoc-crcd1bd\"><strong>Nguy\u00ean Ph\u00e1t Home<\/strong><\/a> s\u1ea3n xu\u1ea5t<\/p>\n<p class=\"fr-tag\">\u2013 K\u00edch th\u01b0\u1edbc : 735x 480\u00d7220\u00a0mm<\/p>\n<p class=\"fr-tag\">\u2013 K\u00edch th\u01b0\u1edbc l\u00e0m \u0111\u00e1: Ch\u1eadu c\u00f3 bo tr\u00f2n n\u00ean qu\u00fd kh\u00e1ch ph\u1ea3i l\u1ea5y ch\u1eadu v\u1ec1 c\u1eaft \u0111\u00e1 \u0111\u1ec3 \u0111\u1ea1t \u0111\u01b0\u1ee3c n\u00e9t th\u1ea9m m\u1ef9 cao.<\/p>\n<p class=\"fr-tag\">\u2013 B\u1ea3o h\u00e0nh : 3 n\u0103m<\/p>\n<p><strong>C\u1eecA H\u00c0NG NGUY\u00caN PH\u00c1T HOME<\/strong><\/p>\n<p>\u0110\u1ecba ch\u1ec9 : H\u1ebbm 216\/3 L\u00ea V\u0103n Qu\u1edbi, p. BHH A, Q. B\u00ecnh T\u00e2n<\/p>\n<p>S\u0110T: 0938.028.468<\/p>\n<p>website :\u00a0<a href=\"https:\/\/muanhanhthietbivesinh.vn\/?product=lavabo-su-dat-ban-eve-l6024\">muanhanhthietbivesinh.vn<\/a><\/p>\n<p>Email : nguyenphathome@gmail.com<\/p>\n<\/div>\n<\/div>\n","protected":false},"excerpt":{"rendered":"<p><span style=\"color: #ed1c24;\"><strong>M\u00f4 t\u1ea3 S\u1ea3n Ph\u1ea9m :<\/strong><\/span><\/p>\n<p>M\u00e3 SP :\u00a0<strong>CRCD1B\u0110<\/strong><\/p>\n<p>N\u01b0\u1edbc S\u1ea3n Xu\u1ea5t : Vi\u1ec7t Nam<\/p>\n<p>Lo\u1ea1i : Ch\u1eadu R\u1eeda Ch\u00e9n \u0111\u00e1 nh\u00e2n t\u1ea1o 1 h\u1ed9c<\/p>\n<p>K\u00edch Th\u01b0\u1edbc : <strong>735 x 480 x 220 mm<\/strong><\/p>\n<p>M\u00e0u : <strong>\u0110en \u00c1nh Kim<\/strong><\/p>\n<p>Ch\u1ea5t Li\u1ec7u : \u0110\u00e1 Granite Nh\u00e2n T\u1ea1o<\/p>\n<p>B\u1ea3o H\u00e0nh : 3<strong>\u00a0n\u0103m<\/strong><\/p>\n","protected":false},"featured_media":3112,"comment_status":"open","ping_status":"closed","template":"","meta":[],"product_cat":[233],"product_tag":[],"_links":{"self":[{"href":"https:\/\/muanhanhthietbivesinh.vn\/index.php?rest_route=\/wp\/v2\/product\/3110"}],"collection":[{"href":"https:\/\/muanhanhthietbivesinh.vn\/index.php?rest_route=\/wp\/v2\/product"}],"about":[{"href":"https:\/\/muanhanhthietbivesinh.vn\/index.php?rest_route=\/wp\/v2\/types\/product"}],"replies":[{"embeddable":true,"href":"https:\/\/muanhanhthietbivesinh.vn\/index.php?rest_route=%2Fwp%2Fv2%2Fcomments&post=3110"}],"wp:featuredmedia":[{"embeddable":true,"href":"https:\/\/muanhanhthietbivesinh.vn\/index.php?rest_route=\/wp\/v2\/media\/3112"}],"wp:attachment":[{"href":"https:\/\/muanhanhthietbivesinh.vn\/index.php?rest_route=%2Fwp%2Fv2%2Fmedia&parent=3110"}],"wp:term":[{"taxonomy":"product_cat","embeddable":true,"href":"https:\/\/muanhanhthietbivesinh.vn\/index.php?rest_route=%2Fwp%2Fv2%2Fproduct_cat&post=3110"},{"taxonomy":"product_tag","embeddable":true,"href":"https:\/\/muanhanhthietbivesinh.vn\/index.php?rest_route=%2Fwp%2Fv2%2Fproduct_tag&post=3110"}],"curies":[{"name":"wp","href":"https:\/\/api.w.org\/{rel}","templated":true}]}}