{"id":3059,"date":"2022-10-05T00:32:46","date_gmt":"2022-10-04T17:32:46","guid":{"rendered":"https:\/\/muanhanhthietbivesinh.vn\/?post_type=product&#038;p=3059"},"modified":"2022-10-05T00:32:46","modified_gmt":"2022-10-04T17:32:46","slug":"bon-tieu-nam-su-trang-treo-tuong-eve-t22","status":"publish","type":"product","link":"https:\/\/muanhanhthietbivesinh.vn\/?product=bon-tieu-nam-su-trang-treo-tuong-eve-t22","title":{"rendered":"B\u1ed3n Ti\u1ec3u Nam S\u1ee9 Tr\u1eafng Treo T\u01b0\u1eddng EVE-T22"},"content":{"rendered":"<p style=\"text-align: center;\"><span style=\"font-size: 120%; color: #000000;\"><strong>\u00a0B\u1ed3n Ti\u1ec3u Nam S\u1ee9 Tr\u1eafng Treo T\u01b0\u1eddng EVE-T22<\/strong><\/span><\/p>\n<p><span style=\"color: #000000;\"><strong>B\u1ed3n ti\u1ec3u nam<\/strong>\u00a0thi\u1ebft b\u1ecb v\u1ec7 sinh c\u1ef1c k\u1ef3 quen thu\u1ed9c v\u1edbi c\u00e1ch \u201cm\u00e0y r\u00e2u\u201d trong cu\u1ed9c s\u1ed1ng hi\u1ec7n \u0111\u1ea1i. Ch\u00ednh v\u00ec s\u1ef1 ti\u1ec7n l\u1ee3i m\u00e0 n\u00f3 mang l\u1ea1i n\u00ean c\u00e1c thi\u1ebft b\u1ecb b\u1ed3n ti\u1ec3u n\u00e0y \u0111\u01b0\u1ee3c s\u1eed d\u1ee5ng r\u1ea5t ph\u1ed5 bi\u1ebfn. T\u1eeb tr\u01b0\u1eddng h\u1ecdc \u0111\u1ebfn nh\u1eefng khu gi\u1ea3i tr\u00ed hay khu ngh\u1ec9 d\u01b0\u1ee1ng sang tr\u1ecdng. N\u01a1i n\u00e0o<strong>\u00a0b\u1ed3n ti\u1ec3u nam<\/strong>\u00a0hi\u1ec7n h\u1eefu n\u01a1i \u0111\u00f3 s\u1ea1ch s\u1ebd \u0111\u1ebfn kh\u00f4ng ng\u1edd. V\u1eeba s\u1ea1ch s\u1ebd nh\u01b0ng l\u1ea1i ti\u1ebft ki\u1ec7m chi ph\u00ed. Khi l\u1eafp \u0111\u1eb7t trong nh\u00e0 v\u1ec7 sinh gia \u0111\u00ecnh c\u00f2n tr\u1edf th\u00e0nh \u0111i\u1ec3m nh\u1ea5n. Ngay b\u00e2y gi\u1edd h\u00e3y c\u00f9ng <a href=\"https:\/\/muanhanhthietbivesinh.vn\/?product=bon-tieu-nam-cam-ung-ma-vang-eve-t27\"><strong>Nguy\u00ean Ph\u00e1t Home<\/strong><\/a> \u0111i t\u00ecm hi\u1ec3u s\u1ea3n ph\u1ea9m n\u00e0y nh\u00e9.<\/span><\/p>\n<h2><span style=\"color: #000000;\"><strong>B\u1ed3n ti\u1ec3u nam treo t\u01b0\u1eddng c\u00f3 g\u00ec \u0111\u1eb7c bi\u1ec7t?\u00a0<\/strong><\/span><\/h2>\n<p><span style=\"color: #000000;\">B\u1ed3n ti\u1ec3u treo t\u01b0\u1eddng l\u00e0 m\u1ed9t thi\u1ebft b\u1ecb \u0111\u01b0\u1ee3c s\u1eed d\u1ee5ng r\u1ed9ng r\u00e3i nh\u1ea5t t\u1eeb th\u00e0nh th\u1ecb \u0111\u1ebfn n\u00f4ng th\u00f4n. V\u00ec gi\u00e1 th\u00e0nh r\u1ebb kh\u00f4ng nh\u1eefng r\u1ebb m\u00e0 c\u00f2n ch\u1ea5t l\u01b0\u1ee3ng cao. C\u00f3 l\u1ebd \u0111\u00e2y l\u00e0 s\u1ea3n ph\u1ea9m ti\u1ebft ki\u1ec7m chi ph\u00ed nh\u1ea5t trong c\u00e1c lo\u1ea1i b\u1ed3n ti\u1ec3u. V\u1eeba c\u00f3 th\u1ec3 \u0111\u00e1p \u1ee9ng \u0111\u01b0\u1ee3c nhu c\u1ea7u c\u1ee7a h\u1ed9i anh em. M\u00e0 c\u00f2n r\u1ebb h\u01a1n so v\u1edbi b\u1ed3n c\u1ea3m \u1ee9ng 2-3 l\u1ea7n. B\u00ean c\u1ea1nh \u0111\u00f3 ki\u1ec3u n\u01b0\u1edbc x\u1ea3 c\u1ef1c d\u1ec5 d\u00e0ng ch\u1ec9 v\u1edbi<strong style=\"caret-color: #000000; font-size: 17.280000686645508px; text-align: center;\">\u00a0<\/strong>m\u1ed9t thao t\u00e1c. Ki\u1ec3u d\u00e1ng, thi\u1ebft k\u1ebf nh\u1ecf g\u1ecdn, nh\u01b0ng \u0111\u1ea7y s\u1ef1 tinh t\u1ebf, ti\u1ec7n l\u1ee3i.<\/span><\/p>\n<h2><span style=\"color: #000000;\"><strong>Ch\u1ea5t li\u1ec7u s\u1ee9 cao c\u1ea5p an to\u00e0n, s\u1ea1ch s\u1ebd<\/strong><\/span><\/h2>\n<p><span style=\"color: #000000;\">T\u1ea5t c\u1ea3 thi\u1ebft b\u1ecb b\u1ed3n ti\u1ec3u treo t\u01b0\u1eddng t\u1ea1i <a href=\"http:\/\/muanhanhthietbivesinh.vn\"><strong>Nguy\u00ean Ph\u00e1t Home<\/strong><\/a> \u0111\u1ec1u \u0111\u01b0\u1ee3c s\u1ea3n xu\u1ea5t b\u1eb1ng s\u1ee9 cao c\u1ea5p. Sau \u0111\u00f3 ng\u00e2m m\u00ecnh \u1edf nhi\u1ec7t \u0111\u1ed9\u00a01,280 \u00b0C t\u1ea1o n\u00ean \u0111\u1ed9 c\u1ee9ng, b\u1ec1n b\u1ec9 \u0111\u1ebfn kh\u00f4ng ng\u1edd. \u0110\u01b0\u1ee3c tr\u00e1ng m\u1ed9t l\u1edbp men s\u1ee9 gi\u1edd \u0111\u00e2y b\u1ec1 m\u1eb7t tr\u1edf n\u00ean s\u00e1ng b\u00f3ng b\u1ea5t k\u1ec3 th\u1eddi gian. Th\u00eam v\u00e0o \u0111\u00f3 s\u1ea3n ph\u1ea9m n\u00e0y \u0111\u01b0\u1ee3c s\u1edf h\u1eefu c\u00f4ng ngh\u1ec7 m\u1edbi nh\u1ea5t Nano Snoc c\u1ee7a EVEREST\u00ae. Nh\u1edd \u0111\u00f3 s\u1ea3n ph\u1ea9m kh\u00f4ng b\u1ecb b\u00e1m b\u1ea9n, ch\u1ed1ng \u0111\u01b0\u1ee3c s\u1ef1 th\u1ea9m th\u1ea5u ng\u01b0\u1ee3c c\u1ee7a d\u00f2ng n\u01b0\u1edbc.<\/span><\/p>\n<p><img loading=\"lazy\" decoding=\"async\" src=\"https:\/\/thanhgiaphat.vn\/uploads\/source\/bon-cau-va-lavabo-everest\/z2479101202852-5b856d3bc411b72bf2091b2e77116ae9.jpg\" alt=\"\" width=\"400\" height=\"373\" \/><\/p>\n<p><span style=\"color: #000000;\">Quy tr\u00ecnh s\u1ea3n xu\u1ea5t kh\u00e9p k\u00edn v\u00e0 k\u1ef9 l\u01b0\u1ee1ng c\u00f2n l\u00e0m cho s\u1ea3n ph\u1ea9m n\u00e0y ch\u1ea5t l\u01b0\u1ee3ng h\u01a1n. M\u1ecdi quy tr\u00ecnh s\u1ea3n xu\u1ea5t \u0111\u1ec1u \u0111\u01b0\u1ee3c gi\u00e1m s\u00e1t m\u1ed9t c\u00e1ch c\u1ea9n th\u1eadn. \u0110\u1ea3m b\u1ea3o m\u1ed7i s\u1ea3n ph\u1ea9m \u0111\u1ec1u \u0111\u1ed3ng nh\u1ea5t v\u1ec1 m\u1eb7t thi\u1ebft k\u1ebf, k\u1ef9 thu\u1eadt. \u0110\u1ec3 s\u1ea3n ph\u1ea9m khi \u0111\u1ebfn tay ng\u01b0\u1eddi ti\u00eau d\u00f9ng \u0111\u1ec1u t\u1ed1t nh\u1ea5t. Ch\u1ea5t l\u01b0\u1ee3ng c\u1ee7a s\u1ea3n ph\u1ea9m lu\u00f4n l\u00e0 ni\u1ec1m t\u1ef1 h\u00e0o khi nh\u1eafc \u0111\u1ebfn Th\u00e0nh Gia Ph\u00e1t.<\/span><\/p>\n<h2><span style=\"color: #000000;\"><strong>Phong c\u00e1ch hi\u1ec7n hi\u1ec7n \u0111\u1ea1i t\u1ed1i gi\u1ea3n, t\u1ea1o \u0111i\u1ec3m nh\u1ea5n cho nh\u00e0 t\u1eafm<\/strong><\/span><\/h2>\n<p><span style=\"color: #000000;\">Th\u01b0\u1eddng th\u00ec ch\u00fang ta s\u1ebd th\u1ea5y b\u1ed3n ti\u1ec3u s\u1ebd \u0111\u01b0\u1ee3c l\u1eafp \u0111\u1eb7t nhi\u1ec1u \u1edf c\u00e1c nh\u00e0 v\u1ec7 sinh c\u00f4ng c\u1ed9ng. V\u1eeba mang \u0111\u1ebfn s\u1ef1 ti\u1ec7n l\u1ee3i v\u1eeba t\u00f4n l\u00ean \u0111\u01b0\u1ee3c \u0111\u01b0\u1eddng n\u00e9t th\u1ea9m m\u0129 c\u1ee7a c\u0103n ph\u00f2ng. B\u1ed3n ti\u1ec3u nam treo t\u01b0\u1eddng s\u1ebd ph\u00f9 h\u1ee3p v\u1edbi nh\u00e0 t\u1eafm hi\u1ec7n \u0111\u1ea1i. V\u00ec nh\u00e0 t\u1eafm hi\u1ec7n \u0111\u1ea1i r\u1ea5t ch\u00fa tr\u1ecdng \u0111\u1ebfn t\u00ednh n\u0103ng s\u1ea3n ph\u1ea9m, \u0111\u1ed9 ti\u1ec7n d\u1ee5ng, t\u1ed1i \u01b0u kh\u00f4ng gian. H\u01a1n n\u1eefa v\u1edbi m\u00e0u tr\u1eafng ch\u1ee7 \u0111\u1ea1o r\u1ea5t d\u1ec5 ph\u1ed1i v\u1edbi nhi\u1ec1u thi\u1ebft k\u1ebf nh\u00e0 t\u1eafm kh\u00e1c nhau.\u00a0\u00a0Ch\u1ecdn nh\u1eefng thi\u1ebft b\u1ecb c\u00f3 k\u00edch th\u01b0\u1edbc c\u00e2n \u0111\u1ed1i v\u1edbi kh\u00f4ng gian tinh t\u1ebf c\u1ee7a gia ch\u1ee7.\u00a0<\/span><\/p>\n<h2><span style=\"color: #000000;\"><strong>B\u1ed3n ti\u1ec3u nam: Xu h\u01b0\u1edbng cho hi\u1ec7n t\u1ea1i v\u00e0 t\u01b0\u01a1ng lai\u00a0<\/strong><\/span><\/h2>\n<p><span style=\"color: #000000;\">C\u00e1c thi\u1ebft b\u1ecb b\u1ed3n ti\u1ec3u tr\u00ean th\u1ecb tr\u01b0\u1eddng hi\u1ec7n nay r\u1ea5t \u0111a d\u1ea1ng ch\u1ee7ng lo\u1ea1i, k\u00edch th\u01b0\u1edbc. S\u1ef1 \u0111a d\u1ea1ng n\u00e0y \u0111\u1ec3 \u0111\u00e1p \u1ee9ng nhu c\u1ea7u c\u1ee7a nhi\u1ec1u ph\u00e2n kh\u00fac kh\u00e1ch h\u00e0ng kh\u00e1c nhau. Ch\u00ednh v\u00ec s\u1ef1 ti\u1ec7n l\u1ee3i m\u00e0 b\u1ed3n ti\u1ec3u mang l\u1ea1i n\u00ean \u0111\u01b0\u1ee3c s\u1eed d\u1ee5ng r\u1ea5t ph\u1ed5 bi\u1ebfn. T\u1eeb nh\u00e0 h\u00e0ng, khu ngh\u1ec9 d\u01b0\u1ee1ng hay resort \u0111\u1ec1u \u0111\u01b0\u1ee3c trang b\u1ecb c\u00e1c thi\u1ebft b\u1ecb b\u1ed3n ti\u1ec3u. Nh\u1eefng thi\u1ebft b\u1ecb b\u1ed3n ti\u1ec3u \u0111\u1ebfn t\u1eeb nh\u00e0 ph\u00e2n ph\u1ed1i Th\u00e0nh Gia Ph\u00e1t lu\u00f4n \u0111\u01b0\u1ee3c kh\u00e1ch h\u00e0ng quan t\u00e2m. N\u00ean s\u1ea3n ph\u1ea9m lu\u00f4n c\u00f3 m\u1eb7t \u1edf kho h\u00e0ng, ch\u1ec9 c\u1ea7n b\u1ea1n g\u1ecdi l\u00e0 c\u00f3<\/span><\/p>\n<p><span style=\"color: #000000;\"><strong>C\u1eecA H\u00c0NG NGUY\u00caN PH\u00c1T HOME<\/strong><\/span><\/p>\n<p>\u0110\u1ecba ch\u1ec9 : H\u1ebbm 216\/3 L\u00ea V\u0103n Qu\u1edbi, p. BHH A, Q. B\u00ecnh T\u00e2n<\/p>\n<p>S\u0110T: 0938.028.468<\/p>\n<p>website :\u00a0<a href=\"https:\/\/muanhanhthietbivesinh.vn\/?product=lavabo-su-dat-ban-eve-l6024\">muanhanhthietbivesinh.vn<\/a><\/p>\n<p>Email : nguyenphathome@gmail.com<\/p>\n<p>&nbsp;<\/p>\n","protected":false},"excerpt":{"rendered":"<h3><span style=\"color: #ed1c24;\"><strong>M\u00f4 t\u1ea3 s\u1ea3n ph\u1ea9m<\/strong><\/span><\/h3>\n<p><span style=\"color: #000000;\">Th\u01b0\u01a1ng hi\u1ec7u: EVEREST<\/span><\/p>\n<p><span style=\"color: #000000;\">M\u00e3: EVE-T22<\/span><\/p>\n<p><span style=\"color: #000000;\">Lo\u1ea1i: Treo t\u01b0\u1eddng<\/span><\/p>\n<p><span style=\"color: #000000;\">K\u00edch th\u01b0\u1edbc: <strong>290 x 370 x 660mm<\/strong><\/span><\/p>\n<p><span style=\"color: #000000;\">Ch\u1ea5t li\u1ec7u: S\u1ee9 tr\u1eafng cao c\u1ea5p, ph\u1ee7 l\u1edbp men d\u00e0y d\u1eb7n<\/span><\/p>\n<p><span style=\"color: #000000;\">B\u1ea3o h\u00e0nh: L\u1edbp men 20 n\u0103m<\/span><\/p>\n<p><span style=\"color: #ed1c24;\"><em><strong>L\u01afU \u00dd : LI\u00caN H\u1ec6 TR\u1ef0C TI\u1ebeP \u0110\u1ec2 \u0110\u01af\u1ee2C H\u1ed6 TR\u1ee2 T\u01af V\u1ea4N V\u00c0 CH\u00cdNH S\u00c1CH GI\u00c1 T\u1ed0T NH\u1ea4T<\/strong><\/em><\/span><\/p>\n<p>&nbsp;<\/p>\n","protected":false},"featured_media":3060,"comment_status":"open","ping_status":"closed","template":"","meta":[],"product_cat":[195],"product_tag":[],"_links":{"self":[{"href":"https:\/\/muanhanhthietbivesinh.vn\/index.php?rest_route=\/wp\/v2\/product\/3059"}],"collection":[{"href":"https:\/\/muanhanhthietbivesinh.vn\/index.php?rest_route=\/wp\/v2\/product"}],"about":[{"href":"https:\/\/muanhanhthietbivesinh.vn\/index.php?rest_route=\/wp\/v2\/types\/product"}],"replies":[{"embeddable":true,"href":"https:\/\/muanhanhthietbivesinh.vn\/index.php?rest_route=%2Fwp%2Fv2%2Fcomments&post=3059"}],"wp:featuredmedia":[{"embeddable":true,"href":"https:\/\/muanhanhthietbivesinh.vn\/index.php?rest_route=\/wp\/v2\/media\/3060"}],"wp:attachment":[{"href":"https:\/\/muanhanhthietbivesinh.vn\/index.php?rest_route=%2Fwp%2Fv2%2Fmedia&parent=3059"}],"wp:term":[{"taxonomy":"product_cat","embeddable":true,"href":"https:\/\/muanhanhthietbivesinh.vn\/index.php?rest_route=%2Fwp%2Fv2%2Fproduct_cat&post=3059"},{"taxonomy":"product_tag","embeddable":true,"href":"https:\/\/muanhanhthietbivesinh.vn\/index.php?rest_route=%2Fwp%2Fv2%2Fproduct_tag&post=3059"}],"curies":[{"name":"wp","href":"https:\/\/api.w.org\/{rel}","templated":true}]}}