{"id":3057,"date":"2022-10-05T00:24:32","date_gmt":"2022-10-04T17:24:32","guid":{"rendered":"https:\/\/muanhanhthietbivesinh.vn\/?post_type=product&#038;p=3057"},"modified":"2022-10-05T00:24:32","modified_gmt":"2022-10-04T17:24:32","slug":"bon-tieu-nam-cam-ung-ma-vang-eve-t27","status":"publish","type":"product","link":"https:\/\/muanhanhthietbivesinh.vn\/?product=bon-tieu-nam-cam-ung-ma-vang-eve-t27","title":{"rendered":"B\u1ed3n Ti\u1ec3u Nam C\u1ea3m \u1ee8ng M\u1ea1 V\u00e0ng EVE-T27"},"content":{"rendered":"<p style=\"text-align: center;\"><span style=\"color: #000000; font-size: 130%;\"><strong>B\u1ed3n Ti\u1ec3u Nam M\u1ea1 V\u00e0ng C\u1ea3m \u1ee8ng EVE-T24<\/strong><\/span><\/p>\n<p><span style=\"color: #000000;\">C\u00f3 th\u1ec3 c\u00e1c c\u00e1nh m\u00e0y r\u00e2u c\u00f3 s\u1ebd th\u1ea5y\u00a0<strong>b\u1ed3n ti\u1ec3u nam c\u1ea3m \u1ee9ng\u00a0<\/strong>\u00a0l\u00e0 thi\u1ebft b\u1ecb th\u01b0\u1eddng \u0111\u01b0\u1ee3c s\u1eed d\u1ee5ng \u1edf tr\u01b0\u1eddng h\u1ecdc, qu\u00e1n coffee, khu trung t\u00e2m mua s\u1eafm. N\u00f3 l\u00e0 m\u1ed9t thi\u1ebft b\u1ecb c\u1ef1c k\u1ef3 quan tr\u1ecdng gi\u00fap nh\u00e0 v\u1ec7 sinh tr\u1edf n\u00ean s\u1ea1ch s\u1ebd. Gi\u00fap c\u00e1c anh gi\u1ea3i quy\u1ebft \u201cn\u1ed7i bu\u1ed3n\u201d m\u1ed9t c\u00e1ch nhanh ch\u00f3ng. Tr\u00ean th\u1ecb tr\u01b0\u1eddng hi\u1ec7n nay<strong>\u00a0b\u1ed3n ti\u1ec3u nam c\u1ea3m \u1ee9ng<\/strong>\u00a0 r\u1ea5t \u0111a d\u1ea1ng v\u1ec1 m\u1eabu m\u00e3 thi\u1ebft k\u1ebf, t\u00ednh n\u0103ng \u0111\u01b0\u1ee3c t\u00edch h\u1ee3p. H\u00f4m nay h\u00e3y c\u00f9ng\u00a0<strong><a style=\"color: #000000;\" href=\"https:\/\/muanhanhthietbivesinh.vn\/?product=bon-tieu-nam-dat-san-xa-co-eve-t23\">Nguy\u00ean Ph\u00e1t Home<\/a><\/strong>\u00a0t\u00ecm hi\u1ec3u v\u1ec1 b\u1ed3n ti\u1ec3u c\u1ea3m \u1ee9ng d\u00e0nh cho ph\u00e1i m\u1ea1nh nh\u00e9.\u00a0<\/span><\/p>\n<h2><span style=\"color: #000000;\"><strong>B\u1ed3n v\u1ec7 sinh nam c\u1ea3m \u1ee9ng l\u00e0 g\u00ec? N\u00f3 c\u00f3 quan tr\u1ecdng kh\u00f4ng?<\/strong><\/span><\/h2>\n<p><span style=\"color: #000000;\">B\u1ed3n ti\u1ec3u nam thi\u1ebft b\u1ecb chuy\u00ean d\u00f9ng cho ph\u00e1i m\u1ea1nh qu\u00e1 trinh v\u1ec7 sinh c\u1ee7a nam gi\u1edbi di\u1ec5n ra m\u1ed9t c\u00e1ch nhanh ch\u00f3ng h\u01a1n. \u0110\u01b0\u1ee3c trang b\u1ecb c\u1ea3m bi\u1ebfn h\u1ed3ng ngo\u1ea1i khi c\u00e1c anh r\u1eddi \u0111i l\u00e0 d\u00f2ng n\u01b0\u1edbc t\u1ef1 \u0111\u1ed9ng x\u1ea3. Tr\u1ef1c ti\u1ebfp gi\u1ea3i quy\u1ebft \u0111\u01b0\u1ee3c v\u1ea5n \u0111\u1ec1 hay qu\u00ean x\u1ea3 c\u1ee7a nhi\u1ec1u anh.<\/span><\/p>\n<p><span style=\"color: #000000;\">Khi s\u1eed d\u1ee5ng thi\u1ebft b\u1ecb n\u00e0y t\u1ea1i nh\u00e0 c\u00e1c ch\u1ecb em s\u1ebd qu\u00ean \u0111i n\u1ed7i lo canh c\u00e1nh trong l\u00f2ng. C\u00e1c anh qu\u00ean nh\u1ea5n n\u00fat, nh\u1edd t\u00ednh n\u0103ng c\u1ea3m bi\u1ebfn. N\u1ed7i lo c\u1ee7a ch\u1ecb em s\u1ebd tr\u00f4i theo d\u00f2ng n\u01b0\u1edbc. T\u1eeb \u0111\u00e2y ch\u1ecb em s\u1ebd kh\u00f4ng c\u00f2n b\u1ef1c b\u1ed9i khi ph\u1ea3i nh\u1eafc anh ch\u1ed3ng c\u1ee7a m\u00ecnh m\u1ed7i ng\u00e0y.<\/span><\/p>\n<h2><span style=\"color: #000000;\"><strong>Ch\u1ea5t li\u1ec7u cao c\u1ea5p, c\u00f4ng ngh\u1ec7 hi\u1ec7n \u0111\u1ea1i\u00a0<\/strong><\/span><\/h2>\n<p><span style=\"color: #000000;\">Thi\u1ebft b\u1ecb b\u1ed3n ti\u1ec3u c\u00f3 ch\u1ea5t li\u1ec7u ch\u00ednh l\u00e0 s\u1ee9 cao c\u1ea5p. Qua m\u1ed9t quy tr\u00ecnh s\u1ea3n xu\u1ea5t kh\u00e9p k\u00edn hi\u1ec7n \u0111\u1ea1i. B\u1ed9 c\u1ea3m bi\u1ebfn \u0111\u01b0\u1ee3c ki\u1ec3m tra nhi\u1ec1u l\u1ea7n, tr\u01b0\u1edbc khi \u0111\u01b0a v\u00e0o l\u1eafp r\u00e1p. B\u00ean c\u1ea1nh \u0111\u00f3 b\u1ec1 m\u1eb7t c\u00f2n \u0111\u01b0\u1ee3c bao ph\u1ee7 b\u1edfi m\u1ed9t l\u1edbp tr\u00e1ng men. Gi\u00fap cho s\u1ea3n ph\u1ea9m ng\u0103n ng\u1eeba, \u1ee9c ch\u1ebf s\u1ef1 sinh s\u1ea3n c\u1ee7a nhi\u1ec1u lo\u1ea1i vi khu\u1ea9n. L\u1edbp men n\u00e0y c\u00f2n c\u00f3 c\u00f4ng d\u1ee5ng ch\u1ed1ng b\u00e1m b\u1ee5i, b\u00e1m b\u1ea9n. M\u00e0 c\u00f2n kh\u00f4ng b\u1ecb th\u1ea9m th\u1ea5u ng\u01b0\u1ee3c.<\/span><\/p>\n<p><span style=\"color: #000000;\">V\u1edbi c\u00f4ng ngh\u1ec7 x\u1ea3 n\u01b0\u1edbc t\u1ef1 \u0111\u1ed9ng b\u1ed3n ti\u1ec3u lu\u00f4n trong t\u00ecnh tr\u1ea1ng s\u1ea1ch s\u1ebd. Gi\u00fap m\u1ecdi ng\u01b0\u1eddi ti\u1ebft ki\u1ec7m \u0111\u01b0\u1ee3c th\u1eddi gian lao ch\u00f9i, v\u1ec7 sinh. Khi mua s\u1ea3n ph\u1ea9m b\u1ed3n ti\u1ec3u t\u1ea1i <a href=\"http:\/\/muanhanhthietbivesinh.vn\"><strong>Nguy\u00ean Ph\u00e1t Home<\/strong><\/a> anh, ch\u1ecb c\u00f2n \u0111\u01b0\u1ee3c b\u1ea3o h\u00e0nh men s\u1ee9 l\u00ean \u0111\u1ebfn 10 n\u0103m. R\u1ea5t l\u00e0 ti\u1ebft ki\u1ec7m chi ph\u00ed mua m\u1ed9t l\u1ea7m c\u00f3 th\u1ec3 d\u00f9ng m\u00e3i m\u00e3i.<\/span><\/p>\n<p><strong><img decoding=\"async\" src=\"https:\/\/thanhgiaphat.vn\/uploads\/source\/bon-cau-va-lavabo-everest\/z2479101210307-9965ff86b141fa6a3ce6dcf788dca311.jpg\" alt=\"\" \/><\/strong><\/p>\n<h2><strong>B\u1ed3n ti\u1ec3u c\u1ea3m \u1ee9ng thi\u1ebft k\u1ebf hi\u1ec7n \u0111\u1ea1i, \u0111i\u1ec3m nh\u1ea5n c\u1ee7a m\u1ecdi phong c\u00e1ch\u00a0<\/strong><\/h2>\n<p>C\u00f3 th\u1ec3 n\u00f3i b\u1ed3n ti\u1ec3u c\u1ea3m \u1ee9ng c\u00f3 th\u1ec3 ph\u00f9 h\u1ee3p v\u1edbi m\u1ecdi phong c\u00e1ch t\u1eeb c\u1ed5 \u0111i\u1ec3n \u0111\u1ebfn hi\u1ec7n \u0111\u1ea1i. Kh\u00f4ng ch\u1ec9 v\u00ec c\u00f4ng d\u1ee5ng ti\u1ec7n l\u1ee3i m\u00e0 n\u00f3 mang l\u1ea1i. M\u00e0 c\u00f2n v\u00ec thi\u1ebft b\u1ecb n\u00e0y c\u00f2n mang \u0111\u1ebfn h\u01a1i th\u1edf hi\u1ec7n \u0111\u1ea1i, \u0111\u01b0\u1eddng n\u00e9t tinh t\u1ebf cho ng\u00f4i nh\u00e0. B\u1ed3n ti\u1ec3u m\u1ea1 v\u00e0ng t\u01b0\u1ee3ng tr\u01b0ng cho s\u1ee9c m\u1ea1nh, quy\u1ec1n l\u1ef1c c\u1ee7a gia ch\u1ee7. B\u1ed3n ti\u1ec3u \u0111en t\u01b0\u1ee3ng tr\u01b0ng cho s\u1ef1 hi\u1ec7n \u0111\u1ea1i, m\u1ea1nh m\u1ebd c\u00f9ng s\u1ef1 sang tr\u1ecdng. B\u1ed3n ti\u1ec3u tr\u1eafng l\u1ea1i mang v\u1ebb \u0111\u1eb9p thu\u1ea7n khi\u1ebft, nh\u1eb9 nh\u00e0ng tho\u1ea3i m\u00e1i. T\u1ea5t c\u1ea3 thi\u1ebft b\u1ecb tr\u00ean \u0111ang \u0111\u01b0\u1ee3c cung c\u1ea5p b\u1edfi <a href=\"https:\/\/muanhanhthietbivesinh.vn\/?product=lavabo-dat-ban-su-trang-eve-l6008\"><strong>Nguy\u00ean Ph\u00e1t Home<\/strong><\/a><\/p>\n<h2><strong>B\u1ed3n ti\u1ec3u c\u1ea3m \u1ee9ng mang \u0111\u1ebfn cho ng\u00f4i nh\u00e0 h\u01a1i th\u1edf hi\u1ec7n \u0111\u1ea1i<\/strong><\/h2>\n<p>C\u00f3 th\u1ec3 b\u1ea1n ch\u1ec9 th\u1ea5y nh\u1eefng thi\u1ebft b\u1ecb b\u1ed3n ti\u1ec3u n\u00e0y \u0111\u01b0\u1ee3c s\u1eed d\u1ee5ng \u1edf c\u00e1c nh\u00e0 v\u1ec7 sinh c\u00f4ng c\u1ed9ng. Nh\u01b0ng hi\u1ec7n nay c\u00f3 r\u1ea5t nhi\u1ec1u gia \u0111\u00ecnh s\u1eed d\u1ee5ng thi\u1ebft b\u1ecb n\u00e0y \u1edf ch\u00ednh c\u0103n nh\u00e0 c\u1ee7a m\u00ecnh. V\u00ec t\u00ednh n\u0103ng, c\u00f4ng n\u1ed5i tr\u1ed9i, s\u1ef1 sang tr\u1ecdng t\u1ea1o \u0111i\u1ec3m nh\u1ea5n m\u00e0 n\u00f3 mang l\u1ea1i. N\u00f3 c\u00f2n gi\u1ea3i gi\u00fap ch\u1ecb em thay anh ch\u1ed3ng c\u1ee7a m\u00ecnh x\u1eed l\u00fd n\u01b0\u1edbc th\u1ea3i. Ch\u1ecb em kh\u00f4ng c\u00f2n kh\u00f3 ch\u1ecbu, gia \u0111\u00ecnh th\u00eam \u0111\u1ea7m \u1ea5m, h\u1ea1nh ph\u00fac. B\u1ed3n ti\u1ec3u c\u1ea3m \u1ee9ng gi\u1ea3i ph\u00e1p hi\u1ec7n t\u1ea1i, t\u01b0\u01a1ng lai cho m\u1ecdi gia \u0111\u00ecnh<\/p>\n<p><span style=\"color: #000000;\"><strong>C\u1eecA H\u00c0NG NGUY\u00caN PH\u00c1T HOME<\/strong><\/span><\/p>\n<p>\u0110\u1ecba ch\u1ec9 : H\u1ebbm 216\/3 L\u00ea V\u0103n Qu\u1edbi, p. BHH A, Q. B\u00ecnh T\u00e2n<\/p>\n<p>S\u0110T: 0938.028.468<\/p>\n<p>website :\u00a0<a href=\"https:\/\/muanhanhthietbivesinh.vn\/?product=lavabo-su-dat-ban-eve-l6024\">muanhanhthietbivesinh.vn<\/a><\/p>\n<p>Email : nguyenphathome@gmail.com<\/p>\n<p>&nbsp;<\/p>\n","protected":false},"excerpt":{"rendered":"<h3><span style=\"color: #ed1c24;\"><strong>M\u00f4 t\u1ea3 s\u1ea3n ph\u1ea9m<\/strong><\/span><\/h3>\n<p><span style=\"color: #000000;\">Th\u01b0\u01a1ng hi\u1ec7u: EVEREST<\/span><\/p>\n<p><span style=\"color: #000000;\">M\u00e3: EVE-T27<\/span><\/p>\n<p><span style=\"color: #000000;\">Lo\u1ea1i: Treo t\u01b0\u1eddng, c\u1ea3m \u1ee9ng<\/span><\/p>\n<p><span style=\"color: #000000;\">K\u00edch th\u01b0\u1edbc: <strong>320 \u00a0x 275 x 690mm<\/strong><\/span><\/p>\n<p><span style=\"color: #000000;\">Ch\u1ea5t li\u1ec7u: S\u1ee9 tr\u1eafng, ph\u1ee7 men d\u00e0y d\u1eb7n<\/span><\/p>\n<p><span style=\"color: #000000;\">B\u1ea3o h\u00e0nh: L\u1edbp men 20 n\u0103<\/span><\/p>\n<h4><span style=\"font-size: 90%; color: #ed1c24;\"><b><em><strong>L\u01afU \u00dd : LI\u00caN H\u1ec6 TR\u1ef0C TI\u1ebeP \u0110\u1ec2 \u0110\u01af\u1ee2C H\u1ed6 TR\u1ee2 T\u01af V\u1ea4N V\u00c0 CH\u00cdNH S\u00c1CH GI\u00c1 T\u1ed0T NH\u1ea4T<\/strong><\/em><\/b><\/span><\/h4>\n<p>&nbsp;<\/p>\n","protected":false},"featured_media":3058,"comment_status":"open","ping_status":"closed","template":"","meta":[],"product_cat":[195],"product_tag":[224,227],"_links":{"self":[{"href":"https:\/\/muanhanhthietbivesinh.vn\/index.php?rest_route=\/wp\/v2\/product\/3057"}],"collection":[{"href":"https:\/\/muanhanhthietbivesinh.vn\/index.php?rest_route=\/wp\/v2\/product"}],"about":[{"href":"https:\/\/muanhanhthietbivesinh.vn\/index.php?rest_route=\/wp\/v2\/types\/product"}],"replies":[{"embeddable":true,"href":"https:\/\/muanhanhthietbivesinh.vn\/index.php?rest_route=%2Fwp%2Fv2%2Fcomments&post=3057"}],"wp:featuredmedia":[{"embeddable":true,"href":"https:\/\/muanhanhthietbivesinh.vn\/index.php?rest_route=\/wp\/v2\/media\/3058"}],"wp:attachment":[{"href":"https:\/\/muanhanhthietbivesinh.vn\/index.php?rest_route=%2Fwp%2Fv2%2Fmedia&parent=3057"}],"wp:term":[{"taxonomy":"product_cat","embeddable":true,"href":"https:\/\/muanhanhthietbivesinh.vn\/index.php?rest_route=%2Fwp%2Fv2%2Fproduct_cat&post=3057"},{"taxonomy":"product_tag","embeddable":true,"href":"https:\/\/muanhanhthietbivesinh.vn\/index.php?rest_route=%2Fwp%2Fv2%2Fproduct_tag&post=3057"}],"curies":[{"name":"wp","href":"https:\/\/api.w.org\/{rel}","templated":true}]}}