{"id":3054,"date":"2022-10-05T00:17:01","date_gmt":"2022-10-04T17:17:01","guid":{"rendered":"https:\/\/muanhanhthietbivesinh.vn\/?post_type=product&#038;p=3054"},"modified":"2022-10-05T00:17:01","modified_gmt":"2022-10-04T17:17:01","slug":"bo-xa-nhan-tieu-nam-gmxt","status":"publish","type":"product","link":"https:\/\/muanhanhthietbivesinh.vn\/?product=bo-xa-nhan-tieu-nam-gmxt","title":{"rendered":"B\u1ed9 X\u1ea3 Nh\u1ea5n Ti\u1ec3u Nam GMXT"},"content":{"rendered":"<h4><b><span style=\"font-family: Arial;\">&#8211; M\u00e3 s\u1ea3n ph\u1ea9m:\u00a0<\/span><\/b><span style=\"color: #ff0000; font-family: Arial;\"><b>B\u1ed9 X\u1ea3 Ti\u1ec3u GMXT<\/b><\/span><\/h4>\n<p><img loading=\"lazy\" decoding=\"async\" class=\"alignnone size-full wp-image-3055\" src=\"https:\/\/muanhanhthietbivesinh.vn\/wp-content\/uploads\/2022\/10\/GMXT-600x600-1.jpeg\" alt=\"\" width=\"600\" height=\"600\" srcset=\"https:\/\/muanhanhthietbivesinh.vn\/wp-content\/uploads\/2022\/10\/GMXT-600x600-1.jpeg 600w, https:\/\/muanhanhthietbivesinh.vn\/wp-content\/uploads\/2022\/10\/GMXT-600x600-1-300x300.jpeg 300w, https:\/\/muanhanhthietbivesinh.vn\/wp-content\/uploads\/2022\/10\/GMXT-600x600-1-150x150.jpeg 150w, https:\/\/muanhanhthietbivesinh.vn\/wp-content\/uploads\/2022\/10\/GMXT-600x600-1-510x510.jpeg 510w, https:\/\/muanhanhthietbivesinh.vn\/wp-content\/uploads\/2022\/10\/GMXT-600x600-1-100x100.jpeg 100w\" sizes=\"(max-width: 600px) 100vw, 600px\" \/><\/p>\n<h4><b><span style=\"font-family: Arial;\">&#8211; Nh\u00e0 S\u1ea3n Xu\u1ea5t:\u00a0<span style=\"color: #ff0000;\">China<\/span><\/span><span style=\"font-family: Arial;\"><br \/>\n<\/span><span style=\"font-family: Arial;\">M\u1ecdi chi ti\u1ebft xin li\u00ean h\u1ec7 Hotline &#8211; Zalo \u0111\u1ec3 \u0111\u01b0\u1ee3c t\u01b0 v\u1ea5n th\u00eam.<\/span><\/b><\/h4>\n<p>&nbsp;<\/p>\n","protected":false},"excerpt":{"rendered":"<div class=\"product-box-desc\">\n<div><span style=\"color: #ed1c24;\"><strong>M\u00d4 T\u1ea2 S\u1ea2N PH\u1ea8M<\/strong><\/span><\/div>\n<div><\/div>\n<div class=\"brand\">Th\u01b0\u01a1ng hi\u1ec7u:<a href=\"http:\/\/thietbivesinhgama.com\/gama\">GAMA<\/a><\/div>\n<div class=\"model\">M\u00e3 s\u1ea3n ph\u1ea9m:\u00a0B\u1ed9 X\u1ea3 Ti\u1ec3u GMXT<\/div>\n<div>C\u00e1ch D\u00f9ng: D\u00f9ng cho m\u1ecdi lo\u1ea1i ti\u1ec3u c\u01a1<\/div>\n<\/div>\n<div class=\"short_description form-group\">\n<h4><b><span style=\"font-family: Arial;\">&#8211; M\u00e3 s\u1ea3n ph\u1ea9m:\u00a0<\/span><\/b><span style=\"color: #ff0000; font-family: Arial;\"><b>B\u1ed9 X\u1ea3 Ti\u1ec3u GMXT<\/b><\/span><\/h4>\n<h4><b><span style=\"font-family: Arial;\">&#8211; Nh\u00e0 S\u1ea3n Xu\u1ea5t:\u00a0<span style=\"color: #ff0000;\">China<\/span><\/span><span style=\"font-family: Arial;\"><br \/>\n<\/span><span style=\"font-family: Arial;\">M\u1ecdi chi ti\u1ebft xin li\u00ean h\u1ec7 Hotline &#8211; Zalo \u0111\u1ec3 \u0111\u01b0\u1ee3c t\u01b0 v\u1ea5n th\u00eam<\/span><\/b><\/h4>\n<h4><span style=\"color: #ed1c24;\"><b><span style=\"font-family: Arial;\"><em><strong>L\u01afU \u00dd : LI\u00caN H\u1ec6 TR\u1ef0C TI\u1ebeP \u0110\u1ec2 \u0110\u01af\u1ee2C H\u1ed6 TR\u1ee2 T\u01af V\u1ea4N V\u00c0 CH\u00cdNH S\u00c1CH GI\u00c1 T\u1ed0T NH\u1ea4T<\/strong><\/em><\/span><\/b><\/span><\/h4>\n<p>&nbsp;<\/p>\n<\/div>\n","protected":false},"featured_media":3055,"comment_status":"open","ping_status":"closed","template":"","meta":[],"product_cat":[195],"product_tag":[],"_links":{"self":[{"href":"https:\/\/muanhanhthietbivesinh.vn\/index.php?rest_route=\/wp\/v2\/product\/3054"}],"collection":[{"href":"https:\/\/muanhanhthietbivesinh.vn\/index.php?rest_route=\/wp\/v2\/product"}],"about":[{"href":"https:\/\/muanhanhthietbivesinh.vn\/index.php?rest_route=\/wp\/v2\/types\/product"}],"replies":[{"embeddable":true,"href":"https:\/\/muanhanhthietbivesinh.vn\/index.php?rest_route=%2Fwp%2Fv2%2Fcomments&post=3054"}],"wp:featuredmedia":[{"embeddable":true,"href":"https:\/\/muanhanhthietbivesinh.vn\/index.php?rest_route=\/wp\/v2\/media\/3055"}],"wp:attachment":[{"href":"https:\/\/muanhanhthietbivesinh.vn\/index.php?rest_route=%2Fwp%2Fv2%2Fmedia&parent=3054"}],"wp:term":[{"taxonomy":"product_cat","embeddable":true,"href":"https:\/\/muanhanhthietbivesinh.vn\/index.php?rest_route=%2Fwp%2Fv2%2Fproduct_cat&post=3054"},{"taxonomy":"product_tag","embeddable":true,"href":"https:\/\/muanhanhthietbivesinh.vn\/index.php?rest_route=%2Fwp%2Fv2%2Fproduct_tag&post=3054"}],"curies":[{"name":"wp","href":"https:\/\/api.w.org\/{rel}","templated":true}]}}