{"id":3044,"date":"2022-10-04T23:30:14","date_gmt":"2022-10-04T16:30:14","guid":{"rendered":"https:\/\/muanhanhthietbivesinh.vn\/?post_type=product&#038;p=3044"},"modified":"2022-10-04T23:31:36","modified_gmt":"2022-10-04T16:31:36","slug":"ke-lavabo-chan-sat-ev-ks07","status":"publish","type":"product","link":"https:\/\/muanhanhthietbivesinh.vn\/?product=ke-lavabo-chan-sat-ev-ks07","title":{"rendered":"K\u1ec7 Lavabo Ch\u00e2n S\u1eaft EV-KS07"},"content":{"rendered":"<p><span style=\"color: #000000;\"><strong>K\u1ec7 s\u1eaft m\u1ef9 thu\u1eadt<\/strong>\u00a0<strong>EVEREST\u00ae\u00a0<\/strong>\u0111\u01b0\u1ee3c l\u00e0m b\u1eb1ng s\u1eaft r\u00e8n m\u1ef9 thu\u1eadt, s\u01a1n ph\u1ee7 m\u00e0u \u0111\u1ed3ng \u0111en, k\u1ebft h\u1ee3p v\u1edbi m\u1eb7t \u0111\u00e1 ho\u1eb7c g\u1ed7, r\u1ed9ng \u0111\u1ee7 \u0111\u1ec3 th\u00eam ti\u1ec7n \u00edt nh\u01b0 b\u00ecnh hoa ho\u1eb7c b\u1ed9 ph\u1ee5 ki\u1ec7n ph\u00f2ng t\u1eafm m\u1ef9 ph\u1ea9m, kh\u0103n t\u1eafm, b\u00e0n ch\u1ea3i\u2026 Thi\u1ebft b\u1ecb \u0111\u01b0\u1ee3c ch\u1ebf t\u00e1c thi\u1ebft k\u1ebf ph\u00f9 h\u1ee3p v\u1edbi c\u00e1c lo\u1ea1i lavabo \u0111\u01a1n, l\u1eafp n\u1ed5i tr\u00ean m\u1eb7t b\u00e0n ho\u1eb7c \u0111\u1ec3 \u0111\u1ee9ng, c\u00e1c lo\u1ea1i ch\u1ea5t li\u1ec7u lavabo s\u1ee9 m\u1ef9 thu\u1eadt, \u0111\u00e1 t\u1ef1 nhi\u00ean, k\u00ednh, \u0111i\u1ec1u t\u01b0\u01a1ng x\u1ee9ng ph\u00f9 h\u1ee3p.<\/span><\/p>\n<p><img loading=\"lazy\" decoding=\"async\" src=\"https:\/\/thanhgiaphat.vn\/uploads\/source\/sanpham\/ke-de-lavabo\/ks07.jpg\" alt=\"\" width=\"320\" height=\"320\" \/><\/p>\n<p><strong>&#8211; Khung s\u1eaft \u0111\u1ee1 lavabo<\/strong>, ch\u1eadu r\u1eeda m\u1eb7t<\/p>\n<p><span style=\"color: #000000;\">&#8211; Ch\u1ea5t li\u1ec7u s\u1eaft \u0111\u1eb7c n\u1eb7ng ch\u1eafc, v\u1eefng v\u00e0ng<\/span><\/p>\n<p><span style=\"color: #000000;\">&#8211; C\u00f3 \u0111\u1ec7m cao su ch\u1ec9nh \u0111\u1ed9 cao th\u1ea5p, ch\u1ed1ng ch\u00eanh<\/span><\/p>\n<p><span style=\"color: #000000;\">&#8211; Tr\u1ecdng l\u01b0\u1ee3ng kho\u1ea3ng: 5-6 (kg)\/chi\u1ebfc<\/span><\/p>\n<p><span style=\"color: #000000;\">&#8211; K\u00edch khung ch\u00e2n s\u1eaft (cm): \u00d833.5 x H72<\/span><\/p>\n<p><span style=\"color: #000000;\">K\u00edch Th\u01b0\u1edbc: 600x400x740mm<\/span><\/p>\n<p><span style=\"color: #000000;\"><strong>&#8211; S\u1ea3n xu\u1ea5t Vi\u1ec7t Nam.<\/strong><\/span><\/p>\n<p><span style=\"color: #000000;\"><strong>\u0110\u01b0\u1ee3c \u0111\u1eb7t h\u00e0ng theo ti\u00eau chu\u1ea9n EVEREST\u00ae<\/strong><\/span><\/p>\n<p><span style=\"color: #000000;\"><strong>&#8211; B\u1ea3o H\u00e0nh:5 n\u0103m<\/strong><\/span><\/p>\n<p><span style=\"color: #000000;\"><em><strong>C\u1eecA H\u00c0NG NGUY\u00caN PH\u00c1T HOME<\/strong><\/em><\/span><\/p>\n<p><span style=\"color: #000000;\">\u0110\u1ecba ch\u1ec9 : H\u1ebbm 216\/3 L\u00ea V\u0103n Qu\u1edbi, p. BHH A, Q. B\u00ecnh T\u00e2n<\/span><\/p>\n<p><span style=\"color: #000000;\">S\u0110T: 0938.028.468<\/span><\/p>\n<p><span style=\"color: #000000;\">website :\u00a0<a style=\"color: #000000;\" href=\"https:\/\/muanhanhthietbivesinh.vn\/?product=lavabo-su-dat-ban-eve-l6024\">muanhanhthietbivesinh.vn<\/a><\/span><\/p>\n<p><span style=\"color: #000000;\">Email : nguyenphathome@gmail.com<\/span><\/p>\n<p>&nbsp;<\/p>\n","protected":false},"excerpt":{"rendered":"<h3><span style=\"color: #000000;\"><strong>M\u00f4 t\u1ea3 s\u1ea3n ph\u1ea9m<\/strong><\/span><\/h3>\n<p><span style=\"color: #000000;\"><strong>Khung s\u1eaft \u0111\u1ee1 lavabo<\/strong>, ch\u1eadu r\u1eeda m\u1eb7t<\/span><\/p>\n<p><span style=\"color: #000000;\">Ch\u1ea5t li\u1ec7u s\u1eaft \u0111\u1eb7c n\u1eb7ng ch\u1eafc, v\u1eefng v\u00e0ng<\/span><\/p>\n<p><span style=\"color: #000000;\">C\u00f3 \u0111\u1ec7m cao su ch\u1ec9nh \u0111\u1ed9 cao th\u1ea5p, ch\u1ed1ng ch\u00eanh<\/span><\/p>\n<p><span style=\"color: #000000;\">Tr\u1ecdng l\u01b0\u1ee3ng kho\u1ea3ng: <strong>5-6 (kg)\/chi\u1ebfc<\/strong><\/span><\/p>\n<p><span style=\"color: #000000;\">K\u00edch khung ch\u00e2n s\u1eaft (cm): \u00d8<strong>33.5 x H72<\/strong><\/span><\/p>\n<p><span style=\"color: #000000;\">K\u00edch Th\u01b0\u1edbc: <strong>600x400x740mm<\/strong><\/span><\/p>\n<p><span style=\"color: #000000;\"><strong>S\u1ea3n xu\u1ea5t Vi\u1ec7t Nam.<\/strong><\/span><\/p>\n<p><span style=\"color: #000000;\"><strong>\u0110\u01b0\u1ee3c \u0111\u1eb7t h\u00e0ng theo ti\u00eau chu\u1ea9n EVEREST\u00ae<\/strong><\/span><\/p>\n<p><span style=\"color: #000000;\"><strong>B\u1ea3o H\u00e0nh: 5 n\u0103m.<\/strong><\/span><\/p>\n","protected":false},"featured_media":3045,"comment_status":"open","ping_status":"closed","template":"","meta":[],"product_cat":[186],"product_tag":[],"_links":{"self":[{"href":"https:\/\/muanhanhthietbivesinh.vn\/index.php?rest_route=\/wp\/v2\/product\/3044"}],"collection":[{"href":"https:\/\/muanhanhthietbivesinh.vn\/index.php?rest_route=\/wp\/v2\/product"}],"about":[{"href":"https:\/\/muanhanhthietbivesinh.vn\/index.php?rest_route=\/wp\/v2\/types\/product"}],"replies":[{"embeddable":true,"href":"https:\/\/muanhanhthietbivesinh.vn\/index.php?rest_route=%2Fwp%2Fv2%2Fcomments&post=3044"}],"wp:featuredmedia":[{"embeddable":true,"href":"https:\/\/muanhanhthietbivesinh.vn\/index.php?rest_route=\/wp\/v2\/media\/3045"}],"wp:attachment":[{"href":"https:\/\/muanhanhthietbivesinh.vn\/index.php?rest_route=%2Fwp%2Fv2%2Fmedia&parent=3044"}],"wp:term":[{"taxonomy":"product_cat","embeddable":true,"href":"https:\/\/muanhanhthietbivesinh.vn\/index.php?rest_route=%2Fwp%2Fv2%2Fproduct_cat&post=3044"},{"taxonomy":"product_tag","embeddable":true,"href":"https:\/\/muanhanhthietbivesinh.vn\/index.php?rest_route=%2Fwp%2Fv2%2Fproduct_tag&post=3044"}],"curies":[{"name":"wp","href":"https:\/\/api.w.org\/{rel}","templated":true}]}}