{"id":2964,"date":"2022-09-15T00:29:17","date_gmt":"2022-09-14T17:29:17","guid":{"rendered":"https:\/\/muanhanhthietbivesinh.vn\/?post_type=product&#038;p=2964"},"modified":"2026-04-22T15:48:59","modified_gmt":"2026-04-22T08:48:59","slug":"bon-cau-lien-khoi-su-trang-eve-b08","status":"publish","type":"product","link":"https:\/\/muanhanhthietbivesinh.vn\/?product=bon-cau-lien-khoi-su-trang-eve-b08","title":{"rendered":"B\u1ed3n C\u1ea7u Li\u1ec1n Kh\u1ed1i S\u1ee9 Tr\u1eafng EVE-B08"},"content":{"rendered":"<h3 style=\"font-weight: 600; text-align: center;\">B\u1ed3n C\u1ea7u Li\u1ec1n Kh\u1ed1i S\u1ee9 Tr\u1eafng EVE-B08<\/h3>\n<h3 style=\"font-weight: 600;\"><u><b>T\u00ednh n\u0103ng:<\/b><\/u><\/h3>\n<p>&#8211; Thi\u1ebft k\u1ebf\u00a0<a href=\"https:\/\/muanhanhthietbivesinh.vn\/?product=bon-cau-lien-khoi-su-trang-eve-b07\"><b><strong>b\u1ed3n c\u1ea7u nguy\u00ean kh\u1ed1<\/strong><\/b>i<\/a>\u00a0sang tr\u1ecdng, hi\u1ec7n \u0111\u1ea1i<\/p>\n<p>&#8211; N\u1eafp \u0111\u00f3ng \u00eam<\/p>\n<p>&#8211; B\u1ec1 m\u1eb7t n\u01b0\u1edbc r\u1ed9ng gi\u00fap ng\u0103n m\u00f9i hi\u1ec7u qu\u1ea3<\/p>\n<p>&#8211; Thi\u1ebft k\u1ebf th\u00e2n k\u00edn, v\u00e0nh k\u00edn ti\u1ec7n d\u1ee5ng cho vi\u1ec7c v\u1ec7 sinh h\u00e0ng ng\u00e0y<\/p>\n<p>&#8211; S\u1eed d\u1ee5ng c\u00f4ng ngh\u1ec7 tr\u00e1ng men\u00a0<b><strong>NANO<\/strong><\/b>\u00a0v\u1edbi \u01b0u \u0111i\u1ec3m t\u1ef1 l\u00e0m s\u1ea1ch v\u00e0 b\u1ec1 m\u1eb7t s\u00e1ng b\u00f3ng.<\/p>\n<p>&#8211; S\u1eed d\u1ee5ng h\u1ec7 th\u1ed1ng x\u1ea3 xo\u00e1y\u00a0<b><strong>SIPHONIC VORTEX<\/strong><\/b>\u00a0c\u00f4ng ngh\u1ec7 \u0111\u01b0\u1ee3c s\u1eed d\u1ee5ng cho c\u00e1c s\u1ea3n ph\u1ea9m cao c\u1ea5p, gi\u00fap x\u1ea3 s\u1ea1ch v\u00e0 \u00eam h\u01a1n, \u0111\u1ed3ng th\u1eddi ti\u1ebft ki\u1ec7m n\u01b0\u1edbc h\u01a1n so v\u1edbi c\u00e1c h\u1ec7 th\u1ed1ng tr\u01b0\u1edbc \u0111\u00e2y.<\/p>\n<ul>\n<li><b><strong><u>Th\u00f4ng s\u1ed1 k\u0129 thu\u1eadt:<\/u><\/strong><\/b><\/li>\n<\/ul>\n<table style=\"height: 186px;\" width=\"915\">\n<tbody>\n<tr>\n<td><b><strong>Ch\u1ea5t li\u1ec7u<\/strong><\/b><\/td>\n<td><b><strong>G\u1ed1m s\u1ee9\u00a0<\/strong><\/b><\/td>\n<\/tr>\n<tr>\n<td><b><strong>C\u00f4ng ngh\u1ec7<\/strong><\/b><\/td>\n<td><b><strong>Tr\u00e1ng men Nano<\/strong><\/b><\/td>\n<\/tr>\n<tr>\n<td><b><strong>Dung l\u01b0\u1ee3ng n\u01b0\u1edbc<\/strong><\/b><\/td>\n<td><b><strong>3-6 l\u00edt<\/strong><\/b><\/td>\n<\/tr>\n<tr>\n<td><b><strong>Ki\u1ec3u x\u1ea3<\/strong><\/b><\/td>\n<td><b><strong>X\u1ea3 xo\u00e1y<\/strong><\/b><\/td>\n<\/tr>\n<tr>\n<td><b><strong>Ch\u1ebf \u0111\u1ed9 x\u1ea3<\/strong><\/b><\/td>\n<td><b><strong>2<\/strong><\/b><\/td>\n<\/tr>\n<tr>\n<td><b><strong>T\u00e2m x\u1ea3<\/strong><\/b><\/td>\n<td><b><strong>300mm<\/strong><\/b><\/td>\n<\/tr>\n<tr>\n<td><b><strong>K\u00edch th\u01b0\u1edbc<\/strong><\/b><\/td>\n<td><b><strong>680 x 380 x 760 mm.\u00a0<\/strong><\/b><\/td>\n<\/tr>\n<\/tbody>\n<\/table>\n<p><b><strong>Li\u00ean h\u1ec7 v\u1edbi ch\u00fang t\u00f4i \u0111\u1ec3 bi\u1ebft th\u00eam th\u00f4ng tin v\u00e0 gi\u00e1 s\u1ea3n ph\u1ea9m<\/strong><\/b><\/p>\n<h2><strong>B\u1ed3n c\u1ea7u li\u1ec1n kh\u1ed1i Nguy\u00ean Ph\u00e1t Home<\/strong><\/h2>\n<p>\u0110\u00e2y l\u00e0 m\u1ed9t lo\u1ea1i b\u1ed3n c\u1ea7u \u0111\u01b0\u1ee3c thi\u1ebft k\u1ebf li\u1ec1n m\u1ed9t kh\u1ed1i v\u00e0 kh\u00f4ng th\u1ec3 t\u00e1ch r\u1eddi nhau. Ph\u1ea7n k\u00e9t \u0111\u1ef1ng n\u01b0\u1edbc v\u00e0 b\u1ec7 ng\u1ed3i h\u1ee3p th\u00e0nh m\u1ed9t th\u1ec3 th\u1ed1ng nh\u1ea5t, c\u1ef1c k\u1ef3 sang tr\u1ecdng v\u00e0 tinh\u00a0\u00a0t\u1ebf. H\u01a1n n\u1eefa v\u1edbi thi\u1ebft k\u1ebf th\u1ebf n\u00e0y s\u1ebd kh\u00f4ng c\u00f2n ph\u1ea7n khe h\u1edf gi\u1eefa b\u1ec7 n\u1ed3i v\u00e0 k\u00e9t n\u01b0\u1edbc. Gi\u00fap cho b\u1ea1n c\u00f3 m\u1ed9t t\u01b0 th\u1ebf ng\u1ed3i tho\u1ea3i m\u00e1i h\u01a1n, d\u1ec5 d\u00e0ng h\u01a1n.<\/p>\n<p>Gi\u00fap t\u1ed1i \u0111a h\u00f3a l\u01b0u l\u01b0\u1ee3ng n\u01b0\u1edbc x\u1ea3 b\u1eb1ng 4 l\u1ed7 t\u1ea1o ra s\u1ef1 c\u1ed9ng h\u01b0\u1edfng. T\u1ea1o n\u00ean t\u1ed1c \u0111\u1ed9 n\u01b0\u1edbc t\u1ed1i \u0111a cu\u1ed1n tr\u00f4i m\u1ecdi ch\u1ea5t th\u1ea3i m\u1ed9t c\u00e1ch d\u1ec5 d\u00e0ng, nhanh ch\u00f3ng. Ch\u1ec9 v\u1edbi m\u1ed9t thao t\u00e1c b\u1ea5m \u0111\u01a1n gi\u1ea3n, m\u1ecdi ch\u1ea5t th\u1ea3i s\u1ebd \u0111\u01b0\u1ee3c gi\u1ea3i quy\u1ebft trong 1 n\u1ed1t nh\u1ea1c.<\/p>\n<h2><strong>Ch\u1ea5t li\u1ec7u b\u1ed3n c\u1ea7u Nguy\u00ean Ph\u00e1t Home c\u00f3 \u0111\u1ea3m b\u1ea3o ch\u1ea5t l\u01b0\u1ee3ng hay kh\u00f4ng?<\/strong><\/h2>\n<p>Chi\u1ebfc b\u1ed3n c\u1ea7u n\u00e0y \u0111\u01b0\u1ee3c \u0111\u01b0\u1ee3c s\u1ea3n xu\u1ea5t b\u1eb1ng s\u1ee9 thu\u1ea7n khi\u1ebft cao c\u1ea5p. C\u00f9ng v\u1edbi m\u1ed9t quy tr\u00ecnh kh\u00e9p k\u00edn hi\u1ec7n \u0111\u1ea1i. \u0110\u1ea3m b\u1ea3o \u0111\u1ed9 ch\u00ednh x\u00e1c tuy\u1ec7t \u0111\u1ed1i v\u1ec1 m\u1ecdi chi ti\u1ebft k\u1ef9 thu\u1eadt. Ngo\u00e0i ra v\u1edbi ch\u1ea5t li\u1ec7u s\u1ee9 s\u1ea3n ph\u1ea9m c\u00f2n c\u00f3 tu\u1ed5i th\u1ecd c\u1ef1c k\u1ef3 cao. C\u00f3 th\u1ec3 l\u00ean \u0111\u1ebfn 30 n\u0103m n\u1ebfu b\u1ea1n lau ch\u00f9i v\u00e0 v\u1ec7 sinh \u0111\u00fang c\u00e1ch.<\/p>\n<p>B\u1ec1 m\u1eb7t s\u1ea3n ph\u1ea9m \u0111\u01b0\u1ee3c tr\u00e1ng men b\u1eb1ng c\u00f4ng ngh\u1ec7 tuy\u1ebft nano ( cleanano ) tr\u1eafng s\u00e1ng. N\u00f3 gi\u00fap cho b\u1ed3n c\u1ea7u c\u1ee7a b\u1ea1n c\u00f3 th\u00eam kh\u1ea3 n\u0103ng kh\u00e1ng khu\u1ea9n, ch\u1ed1ng b\u00e1m b\u1ea9n. Gi\u1edd \u0111\u00e2y v\u1ea5n \u0111\u1ec1 s\u1ee9c kh\u1ecfe c\u1ee7a m\u1ecdi th\u00e0nh vi\u00ean trong gia \u0111\u00ecnh b\u1ea1n \u0111\u00e3 \u0111\u01b0\u1ee3c gi\u1ea3i quy\u1ebft. H\u01a1n th\u1ebf n\u1eefa ph\u1ea7n n\u1eafp \u0111\u00f3ng c\u1ef1c k\u1ef3 \u00eam \u00e1i v\u00e0 kh\u00f4ng g\u00e2y ti\u1ebfng \u1ed3n, d\u1ec5 d\u00e0ng th\u00e1o r\u1eddi \u0111\u1ec3 v\u1ec7 sinh.<\/p>\n<p><img loading=\"lazy\" decoding=\"async\" src=\"https:\/\/thanhgiaphat.vn\/uploads\/source\/sanpham\/bon-cau\/z2486029326429-5a8599dcc2a78e530086425400232a37.jpg\" alt=\"\" width=\"389\" height=\"389\" \/><\/p>\n<h2><strong>B\u1ed3n c\u1ea7u Nguy\u00ean Ph\u00e1t Home mang \u0111\u1ebfn n\u00e9t hi\u1ec7n \u0111\u1ea1i cho nh\u00e0 t\u1eafm c\u1ee7a b\u1ea1n<\/strong><\/h2>\n<p>V\u1edbi thi\u1ebft k\u1ebf hi\u1ec7n \u0111\u1ea1i v\u00e0 mang m\u1ed9t m\u00e0u s\u1eafc tr\u1eafng s\u00e1ng sang tr\u1ecdng. Ch\u1eafc ch\u1eafn r\u1eb1ng s\u1ea3n ph\u1ea9m n\u00e0y s\u1ebd ph\u00f9 h\u1ee3p v\u1edbi phong c\u00e1ch hi\u1ec7n \u0111\u1ea1i sang tr\u1ecdng. Mang tr\u00ean m\u00ecnh l\u1edbp \u00e1o tr\u1eafng s\u00e1ng sang tr\u1ecdng. B\u1ed3n c\u1ea7u c\u00f2n l\u00e0m cho kh\u00f4ng gian nh\u00e0 t\u1eafm c\u1ee7a b\u1ea1n tr\u1edf tho\u00e1ng m\u00e1t, r\u1ed9ng r\u00e3i. Gi\u1edd \u0111\u00e2y vi\u1ec7c gi\u1ea3i quy\u1ebft n\u1ed7i bu\u1ed3n c\u1ee7a b\u1ea1n s\u1ebd tho\u1ea3i m\u00e1i h\u01a1n bao gi\u1edd h\u1ebft. Trong m\u1ed9t kh\u00f4ng gian r\u1ed9ng r\u00e3i, tho\u00e1ng m\u00e1t nh\u01b0ng v\u1eabn kh\u00f4ng k\u00e9m ph\u1ea7n sang tr\u1ecdng.<\/p>\n<h2><strong>Li\u1ec7u \u0111\u00e2y c\u00f3 ph\u1ea3i l\u00e0 s\u1ea3n ph\u1ea9m h\u1ee3p v\u1edbi xu h\u01b0\u1edbng hi\u1ec7n nay kh\u00f4ng?<\/strong><\/h2>\n<p>T\u1eeb Nam ra B\u1eafc, t\u1eeb th\u00e0nh th\u1ecb \u0111\u1ebfn n\u00f4ng th\u00f4n, \u0111\u00e2u \u0111\u00e2u ch\u00fang ta c\u0169ng c\u00f3 th\u1ec3 th\u1ea5y \u0111\u01b0\u1ee3c chi\u1ebfc b\u1ed3n \u201cth\u1ea7n th\u00e1nh\u201d \u1edf m\u1ed7i c\u0103n nh\u00e0. V\u1edbi ki\u1ec3u d\u00e1ng, thi\u1ebft k\u1ebf hi\u1ec7n \u0111\u1ea1i k\u1ebft h\u1ee3p c\u00f9ng nh\u1eefng t\u00ednh n\u0103ng \u01b0u vi\u1ec7t. B\u1ed3n c\u1ea7u li\u1ec1n kh\u1ed1i \u0111\u00e3 v\u00e0 \u0111ang kh\u1eb3ng \u0111\u1ecbnh v\u1ecb tr\u00ed c\u1ee7a m\u00ecnh \u0111\u1ed1i v\u1edbi ng\u01b0\u1eddi ti\u00eau d\u00f9ng. V\u00e0 b\u1ed3n v\u1ec7 sinh t\u1ea1i Th\u00e0nh Gia Ph\u00e1t lu\u00f4n \u0111\u01b0\u1ee3c nh\u1eefng v\u1ecb kh\u00e1ch kh\u00f3 t\u00ednh l\u1ef1a ch\u1ecdn s\u1eed d\u1ee5ng. Ch\u1eafc ch\u1eafn \u0111\u00e2y s\u1ebd l\u00e0 s\u1ea3n ph\u1ea9m \u0111\u01b0\u1ee3c tin t\u01b0\u1edfng nh\u1ea5t trong t\u01b0\u01a1ng lai.<\/p>\n<p>&nbsp;<\/p>\n","protected":false},"excerpt":{"rendered":"<h3>M\u00f4 t\u1ea3 s\u1ea3n ph\u1ea9m<\/h3>\n<p>Th\u01b0\u01a1ng hi\u1ec7u: <strong>EVEREST<\/strong><\/p>\n<p>M\u00e3: <strong>EVE-B08<\/strong><\/p>\n<p>Lo\u1ea1i: <strong>B\u1ed3n c\u1ea7u 1 kh\u1ed1i<\/strong><\/p>\n<p>Ch\u1ea5t li\u1ec7u: B\u1ed3n c\u1ea7u \u0111\u01b0\u1ee3c l\u00e0m t\u1eeb s\u1ee9 thu\u1ea7n khi\u1ebft cao c\u1ea5p, men Cleanano, n\u1eafp b\u1ed3n c\u1ea7u l\u00e0m b\u1eb1ng nh\u1ef1a UF ch\u1ed1ng tr\u1ea7y v\u00e0 \u0111\u00f3ng m\u1edf \u00eam kh\u00f4ng g\u00e2y \u1ed3n \u00e0o, b\u1ed9 x\u1ea3 nh\u1ef1a ABS cao c\u1ea5p<\/p>\n<p>K\u00edch th\u01b0\u1edbc: <strong>680 x 380 x 760mm<\/strong><\/p>\n<p>L\u01b0\u1ee3ng x\u1ea3: 3-6 l\u00edt<\/p>\n<p>T\u1ea7m x\u1ea3: <strong>300-400mm<\/strong><\/p>\n<p>Kh\u1ed1i l\u01b0\u1ee3ng: ~51kg<\/p>\n","protected":false},"featured_media":2965,"comment_status":"open","ping_status":"closed","template":"","meta":[],"product_cat":[196],"product_tag":[],"_links":{"self":[{"href":"https:\/\/muanhanhthietbivesinh.vn\/index.php?rest_route=\/wp\/v2\/product\/2964"}],"collection":[{"href":"https:\/\/muanhanhthietbivesinh.vn\/index.php?rest_route=\/wp\/v2\/product"}],"about":[{"href":"https:\/\/muanhanhthietbivesinh.vn\/index.php?rest_route=\/wp\/v2\/types\/product"}],"replies":[{"embeddable":true,"href":"https:\/\/muanhanhthietbivesinh.vn\/index.php?rest_route=%2Fwp%2Fv2%2Fcomments&post=2964"}],"wp:featuredmedia":[{"embeddable":true,"href":"https:\/\/muanhanhthietbivesinh.vn\/index.php?rest_route=\/wp\/v2\/media\/2965"}],"wp:attachment":[{"href":"https:\/\/muanhanhthietbivesinh.vn\/index.php?rest_route=%2Fwp%2Fv2%2Fmedia&parent=2964"}],"wp:term":[{"taxonomy":"product_cat","embeddable":true,"href":"https:\/\/muanhanhthietbivesinh.vn\/index.php?rest_route=%2Fwp%2Fv2%2Fproduct_cat&post=2964"},{"taxonomy":"product_tag","embeddable":true,"href":"https:\/\/muanhanhthietbivesinh.vn\/index.php?rest_route=%2Fwp%2Fv2%2Fproduct_tag&post=2964"}],"curies":[{"name":"wp","href":"https:\/\/api.w.org\/{rel}","templated":true}]}}